{"id":22179,"date":"2015-06-11T16:03:51","date_gmt":"2015-06-11T16:03:51","guid":{"rendered":"https:\/\/undsgn.com\/uncode\/?page_id=22179"},"modified":"2024-04-09T18:50:09","modified_gmt":"2024-04-09T18:50:09","slug":"faq","status":"publish","type":"page","link":"https:\/\/easyride.lv\/index.php\/faq\/","title":{"rendered":"FAQ"},"content":{"rendered":"<div class=\"wpb-content-wrapper\"><p>[vc_row row_height_percent=&#8221;0&#8243; override_padding=&#8221;yes&#8221; h_padding=&#8221;2&#8243; top_padding=&#8221;3&#8243; bottom_padding=&#8221;3&#8243; overlay_alpha=&#8221;100&#8243; gutter_size=&#8221;100&#8243; style=&#8221;inherited&#8221;][vc_column column_width_percent=&#8221;100&#8243; gutter_size=&#8221;3&#8243; overlay_alpha=&#8221;50&#8243; shift_x=&#8221;0&#8243; shift_y=&#8221;0&#8243; shift_y_down=&#8221;0&#8243; z_index=&#8221;0&#8243; medium_width=&#8221;0&#8243; mobile_width=&#8221;0&#8243; zoom_width=&#8221;0&#8243; zoom_height=&#8221;0&#8243; width=&#8221;1\/1&#8243;][vc_custom_heading]<\/p>\n<h1 style=\"text-align: center;\">Bie\u017e\u0101k uzdotie jaut\u0101jumi<\/h1>\n<p>[\/vc_custom_heading][vc_custom_heading heading_semantic=&#8221;h3&#8243; text_font=&#8221;font-762333&#8243; text_size=&#8221;h3&#8243; text_space=&#8221;fontspace-781688&#8243;]Par E-velo un braucieniem[\/vc_custom_heading][vc_accordion][vc_accordion_tab gutter_size=&#8221;2&#8243; column_padding=&#8221;2&#8243; title=&#8221;Vai man b\u016bs j\u0101min ped\u0101\u013ci braucot ar e-velosip\u0113du?&#8221; tab_id=&#8221;db5646c9-613e-4&#8243;][vc_column_text]J\u0101, ped\u0101\u013ci b\u016bs j\u0101min, jo elektromotors pal\u012bdz tikai tad, kad brauc\u0113js pieliek savu sp\u0113ku. M\u016bsu E-velo ir apr\u012bkoti ar \u201cpedal assist\u201d sist\u0113mu, nav atsevi\u0161\u0137as pogas, kuru piespie\u017eot var braukt. T\u0101 k\u0101 m\u016bsu e-velosip\u0113diem ir 4 brauk\u0161anas re\u017e\u012bmi, tad tad motora atbalsts atkar\u012bb\u0101 no re\u017e\u012bma ir no 100% l\u012bdz 340%.[\/vc_column_text][\/vc_accordion_tab][vc_accordion_tab gutter_size=&#8221;2&#8243; column_padding=&#8221;2&#8243; title=&#8221;Vai man pietiks sp\u0113ka nobraukt 50km pa me\u017eu, pa grants ce\u013ciem un uzbraukt Siguldas kaln\u0101?&#8221; tab_id=&#8221;678f4f88-7cda-5&#8243;][vc_column_text uncode_shortcode_id=&#8221;182449&#8243;]J\u0101, var\u0113siet, ja j\u016bs ar klasisko velosip\u0113du varat nobraukt vismaz 15km pa asfalt\u0113tu ce\u013cu un pavad\u012bt uz velosip\u0113da 3-4h. Ar m\u016bsu E-Velo var\u0113siet izbraukt jebkuru m\u016bsu mar\u0161rutu bez \u012bpa\u0161as fizisk\u0101s sagatavot\u012bbas.[\/vc_column_text][\/vc_accordion_tab][vc_accordion_tab gutter_size=&#8221;2&#8243; column_padding=&#8221;2&#8243; title=&#8221;Vai e-velosip\u0113da baterija pietiks visam braucienam?&#8221; tab_id=&#8221;fd2e936f-85e7-7&#8243;][vc_column_text]J\u0101, m\u0113s garant\u0113jam, ka baterija pietiks, ja iev\u0113rosiet ekonomiskas un pareizas brauk\u0161anas pamatprincipus, kurus jums iem\u0101c\u012bs brauciena vad\u012bt\u0101js.[\/vc_column_text][\/vc_accordion_tab][vc_accordion_tab gutter_size=&#8221;2&#8243; column_padding=&#8221;2&#8243; title=&#8221;K\u0101dam augumam\/svaram Easy Ride e-velosip\u0113di ir piem\u0113roti?&#8221; tab_id=&#8221;7cf8855e-73f0-5&#8243;][vc_column_text]Mums ir pieejami da\u017e\u0101di r\u0101mju izm\u0113ri. Velosip\u0113du var\u0113sim jums piel\u0101got, ja augums ir no 155cm l\u012bdz 188cm un svars nep\u0101rsniedz 110kg.[\/vc_column_text][\/vc_accordion_tab][vc_accordion_tab gutter_size=&#8221;2&#8243; column_padding=&#8221;2&#8243; title=&#8221;Vai es varu Easy Ride braucien\u0101 piedal\u012bties ar savu velosip\u0113du?&#8221; tab_id=&#8221;5220a1b9-487d-6&#8243;][vc_column_text]J\u0101, tas ir iesp\u0113jams, bet dal\u012bba ar savu Velo\u00a0ir noteikti j\u0101saska\u0146o ar mums pirms brauciena rezerv\u0101cijas.[\/vc_column_text][\/vc_accordion_tab][\/vc_accordion][\/vc_column][\/vc_row][vc_row unlock_row_content=&#8221;yes&#8221; row_height_percent=&#8221;0&#8243; override_padding=&#8221;yes&#8221; h_padding=&#8221;0&#8243; top_padding=&#8221;0&#8243; bottom_padding=&#8221;0&#8243; overlay_alpha=&#8221;50&#8243; gutter_size=&#8221;3&#8243; shift_y=&#8221;0&#8243;][vc_column column_width_percent=&#8221;100&#8243; gutter_size=&#8221;3&#8243; overlay_alpha=&#8221;50&#8243; shift_x=&#8221;0&#8243; shift_y=&#8221;0&#8243; medium_width=&#8221;0&#8243; zoom_width=&#8221;0&#8243; zoom_height=&#8221;0&#8243; width=&#8221;1\/1&#8243;][vc_separator sep_color=&#8221;,Default&#8221;][\/vc_column][\/vc_row][vc_row unlock_row=&#8221;&#8221; row_height_percent=&#8221;0&#8243; override_padding=&#8221;yes&#8221; h_padding=&#8221;2&#8243; top_padding=&#8221;3&#8243; bottom_padding=&#8221;3&#8243; overlay_alpha=&#8221;100&#8243; gutter_size=&#8221;100&#8243; shift_y=&#8221;0&#8243; style=&#8221;inherited&#8221;][vc_column column_width_percent=&#8221;100&#8243; gutter_size=&#8221;3&#8243; overlay_alpha=&#8221;50&#8243; shift_x=&#8221;0&#8243; shift_y=&#8221;0&#8243; medium_width=&#8221;0&#8243; zoom_width=&#8221;0&#8243; zoom_height=&#8221;0&#8243; width=&#8221;1\/1&#8243;][vc_custom_heading heading_semantic=&#8221;h3&#8243; text_font=&#8221;font-762333&#8243; text_size=&#8221;h3&#8243; text_space=&#8221;fontspace-781688&#8243;]Citi jaut\u0101jumi[\/vc_custom_heading][vc_accordion][vc_accordion_tab gutter_size=&#8221;2&#8243; column_padding=&#8221;2&#8243; title=&#8221;Vai Easy Ride var pied\u0101v\u0101t ar\u012b citus braucienus un velo ce\u013cojumus?&#8221; tab_id=&#8221;704976b6-035c-8&#8243;][vc_column_text]Sazinieties ar mums, m\u0113s varam jums sapl\u0101not gan v\u0113lamo mar\u0161rutu, gan veloce\u013cojumu.[\/vc_column_text][\/vc_accordion_tab][vc_accordion_tab gutter_size=&#8221;2&#8243; column_padding=&#8221;2&#8243; title=&#8221;Vai Easy Ride var pied\u0101v\u0101t brauc\u0113ju transporta pakalpojumus?&#8221; tab_id=&#8221;f5c978d2-0950-10&#8243;][vc_column_text]Easy Ride braucienu cen\u0101 ir iek\u013cauts transports no brauciena s\u0101kumpunkta\/galapunkta l\u012bdz tuv\u0101kajam sabiedriskajam transportam (iz\u0146emtot \u012bsos, 2h braucienus) Varam pied\u0101v\u0101t ar\u012b transporta pakalpojumu no R\u012bgas l\u012bdz Salacgr\u012bvai vai L\u012bgatnei. Sazinieties ar mums.[\/vc_column_text][\/vc_accordion_tab][vc_accordion_tab gutter_size=&#8221;2&#8243; column_padding=&#8221;2&#8243; title=&#8221;Vai es esmu materi\u0101li atbild\u012bgs par Easy Ride e-velosip\u0113du brauciena laik\u0101?&#8221; tab_id=&#8221;611683c7-677f-2&#8243;][vc_column_text]Brauciena dal\u012bbnieks ir materi\u0101li atbild\u012bgs par velosip\u0113du brauciena laik\u0101.<br \/>\nE-velosip\u0113da \u012bre ir iek\u013cauta brauciena cen\u0101. J\u016bs \u012br\u0113jat e-velo no Easy Ride un tas tiek izsniegts pirms brauciena un atgriezts p\u0113c brauciena saska\u0146\u0101 ar Easy Ride braucienu un nomas noteikumiem.[\/vc_column_text][\/vc_accordion_tab][\/vc_accordion][\/vc_column][\/vc_row][vc_row][vc_column width=&#8221;1\/1&#8243;][\/vc_column][\/vc_row]<\/p>\n<\/div>","protected":false},"excerpt":{"rendered":"<p>[vc_row row_height_percent=&#8221;0&#8243; override_padding=&#8221;yes&#8221; h_padding=&#8221;2&#8243; top_padding=&#8221;3&#8243; bottom_padding=&#8221;3&#8243; overlay_alpha=&#8221;100&#8243; gutter_size=&#8221;100&#8243; style=&#8221;inherited&#8221;][vc_column column_width_percent=&#8221;100&#8243; gutter_size=&#8221;3&#8243; overlay_alpha=&#8221;50&#8243; shift_x=&#8221;0&#8243; shift_y=&#8221;0&#8243; shift_y_down=&#8221;0&#8243; z_index=&#8221;0&#8243; medium_width=&#8221;0&#8243; mobile_width=&#8221;0&#8243; zoom_width=&#8221;0&#8243; zoom_height=&#8221;0&#8243; [&hellip;]<\/p>\n","protected":false},"author":1,"featured_media":0,"parent":0,"menu_order":0,"comment_status":"open","ping_status":"closed","template":"","meta":{"footnotes":""},"class_list":["post-22179","page","type-page","status-publish","hentry","page_category-er-pages"],"_links":{"self":[{"href":"https:\/\/easyride.lv\/index.php\/wp-json\/wp\/v2\/pages\/22179","targetHints":{"allow":["GET"]}}],"collection":[{"href":"https:\/\/easyride.lv\/index.php\/wp-json\/wp\/v2\/pages"}],"about":[{"href":"https:\/\/easyride.lv\/index.php\/wp-json\/wp\/v2\/types\/page"}],"author":[{"embeddable":true,"href":"https:\/\/easyride.lv\/index.php\/wp-json\/wp\/v2\/users\/1"}],"replies":[{"embeddable":true,"href":"https:\/\/easyride.lv\/index.php\/wp-json\/wp\/v2\/comments?post=22179"}],"version-history":[{"count":16,"href":"https:\/\/easyride.lv\/index.php\/wp-json\/wp\/v2\/pages\/22179\/revisions"}],"predecessor-version":[{"id":90195,"href":"https:\/\/easyride.lv\/index.php\/wp-json\/wp\/v2\/pages\/22179\/revisions\/90195"}],"wp:attachment":[{"href":"https:\/\/easyride.lv\/index.php\/wp-json\/wp\/v2\/media?parent=22179"}],"curies":[{"name":"wp","href":"https:\/\/api.w.org\/{rel}","templated":true}]}}