{"id":88275,"date":"2021-03-02T17:26:36","date_gmt":"2021-03-02T17:26:36","guid":{"rendered":"http:\/\/easyride.lv\/?page_id=88275"},"modified":"2024-04-22T19:20:53","modified_gmt":"2024-04-22T19:20:53","slug":"er-home","status":"publish","type":"page","link":"https:\/\/easyride.lv\/","title":{"rendered":"Home"},"content":{"rendered":"<div class=\"wpb-content-wrapper\"><p>[vc_row row_height_percent=&#8221;90&#8243; override_padding=&#8221;yes&#8221; h_padding=&#8221;2&#8243; top_padding=&#8221;5&#8243; bottom_padding=&#8221;5&#8243; back_color=&#8221;color-uydo&#8221; back_image=&#8221;89573&#8243; overlay_color=&#8221;accent&#8221; overlay_alpha=&#8221;14&#8243; gutter_size=&#8221;3&#8243; column_width_percent=&#8221;100&#8243; shift_y=&#8221;0&#8243; z_index=&#8221;0&#8243; auto_height_device=&#8221;yes&#8221; row_name=&#8221;Welcome&#8221; uncode_shortcode_id=&#8221;584992&#8243; back_color_type=&#8221;uncode-palette&#8221; overlay_color_type=&#8221;uncode-palette&#8221;][vc_column column_width_use_pixel=&#8221;yes&#8221; position_vertical=&#8221;middle&#8221; align_horizontal=&#8221;align_center&#8221; gutter_size=&#8221;3&#8243; style=&#8221;dark&#8221; overlay_alpha=&#8221;50&#8243; shift_x=&#8221;0&#8243; shift_y=&#8221;0&#8243; z_index=&#8221;0&#8243; medium_width=&#8221;0&#8243; mobile_width=&#8221;0&#8243; zoom_width=&#8221;0&#8243; zoom_height=&#8221;0&#8243; width=&#8221;1\/1&#8243; column_width_pixel=&#8221;900&#8243;][vc_row_inner limit_content=&#8221;&#8221;][vc_column_inner column_width_use_pixel=&#8221;yes&#8221; align_horizontal=&#8221;align_center&#8221; gutter_size=&#8221;3&#8243; style=&#8221;dark&#8221; overlay_alpha=&#8221;50&#8243; shift_x=&#8221;0&#8243; shift_y=&#8221;0&#8243; shift_y_down=&#8221;0&#8243; z_index=&#8221;0&#8243; medium_width=&#8221;0&#8243; mobile_width=&#8221;0&#8243; width=&#8221;1\/1&#8243; column_width_pixel=&#8221;900&#8243;][vc_custom_heading heading_semantic=&#8221;h1&#8243; text_size=&#8221;fontsize-155944&#8243; uncode_shortcode_id=&#8221;188622&#8243;]E-Velo noma Salacgr\u012bv\u0101 un L\u012bgatn\u0113![\/vc_custom_heading][\/vc_column_inner][\/vc_row_inner][\/vc_column][\/vc_row][vc_row row_height_percent=&#8221;0&#8243; override_padding=&#8221;yes&#8221; h_padding=&#8221;2&#8243; top_padding=&#8221;5&#8243; bottom_padding=&#8221;5&#8243; back_color=&#8221;color-lxmt&#8221; overlay_alpha=&#8221;50&#8243; equal_height=&#8221;yes&#8221; gutter_size=&#8221;3&#8243; column_width_percent=&#8221;100&#8243; shift_y=&#8221;0&#8243; z_index=&#8221;0&#8243; top_divider=&#8221;step&#8221;][vc_column column_width_percent=&#8221;100&#8243; align_horizontal=&#8221;align_center&#8221; gutter_size=&#8221;4&#8243; overlay_alpha=&#8221;100&#8243; shift_x=&#8221;0&#8243; shift_y=&#8221;0&#8243; shift_y_down=&#8221;0&#8243; z_index=&#8221;0&#8243; medium_width=&#8221;0&#8243; mobile_width=&#8221;0&#8243; zoom_width=&#8221;0&#8243; zoom_height=&#8221;0&#8243; width=&#8221;1\/1&#8243; mobile_width_full=&#8221;&#8221;][vc_row_inner row_inner_height_percent=&#8221;0&#8243; overlay_alpha=&#8221;50&#8243; gutter_size=&#8221;3&#8243; shift_y=&#8221;0&#8243; z_index=&#8221;0&#8243; limit_content=&#8221;&#8221;][vc_column_inner column_width_use_pixel=&#8221;yes&#8221; align_horizontal=&#8221;align_center&#8221; gutter_size=&#8221;2&#8243; overlay_alpha=&#8221;50&#8243; shift_x=&#8221;0&#8243; shift_y=&#8221;0&#8243; shift_y_down=&#8221;0&#8243; z_index=&#8221;0&#8243; medium_width=&#8221;0&#8243; mobile_width=&#8221;0&#8243; zoom_width=&#8221;0&#8243; zoom_height=&#8221;0&#8243; width=&#8221;1\/1&#8243; column_width_pixel=&#8221;800&#8243;][vc_column_text text_lead=&#8221;yes&#8221; uncode_shortcode_id=&#8221;120911&#8243;]<\/p>\n<p style=\"text-align: center;\"><strong>Iznom\u0101 Elektrisko MTB velosip\u0113du un izbrauc k\u0101du no m\u016bsu izveidotajiem mar\u0161rutiem.\u00a0<\/strong><\/p>\n<p style=\"text-align: center;\"><strong>BEZ papildus maksas pieejami brauciena vad\u012bt\u0101ji <a href=\"https:\/\/easyride.lv\/index.php\/about-us\/\" target=\"_blank\" rel=\"noopener\"><span style=\"text-decoration: underline;\">J\u0101nis un Aija.<\/span><\/a><\/strong><\/p>\n<p style=\"text-align: center;\"><strong>Rezerv\u0101cijas pa t\u0101lr. \u00a0 \u00a0<span style=\"text-decoration: underline;\">+37122084232<\/span><\/strong><strong>\u00a0 \u00a0 vai \u00a0 \u00a0 <span style=\"text-decoration: underline;\">\u00a0<a href=\"https:\/\/api.whatsapp.com\/send?phone=+37122084232\" target=\"_blank\" rel=\"noopener\">WhatsApp<\/a><\/span><\/strong><\/p>\n<h4 style=\"text-align: left;\">Nomas cen\u0101 ir iek\u013cauts:<\/h4>\n<p style=\"text-align: left;\">+Elektriskais MTB velosip\u0113ds <span style=\"text-decoration: underline;\">(<a href=\"https:\/\/easyride.lv\/index.php\/2021\/03\/11\/musu-jaunie-e-bike\/\">Cube Reaction Hybrid Pro<\/a>)<\/span><br \/>\n+Velo \u0137ivere<br \/>\n+Apm\u0101c\u012bba brauk\u0161anai ar E-velo un tehniskais atbalsts<\/p>\n<p>[\/vc_column_text][\/vc_column_inner][\/vc_row_inner][uncode_index el_id=&#8221;index-15687&#8243; loop=&#8221;size:8|order_by:date|order:ASC|post_type:product|by_id:90171,89684,89603,89312,88783,88442,88280,90233|taxonomy_count:10&#8243; screen_lg=&#8221;1000&#8243; screen_md=&#8221;600&#8243; screen_sm=&#8221;480&#8243; gutter_size=&#8221;2&#8243; post_items=&#8221;title,media,text,link,author,date,category,extra&#8221; page_items=&#8221;title,media,text,category&#8221; product_items=&#8221;title,media|featured|onpost|original|hide-sale|enhanced-atc|inherit-w-atc|atc-typo-default|hide-atc,price|default,link|default|default_size|scale_mobile|Las\u012bt vair\u0101k&#8221; portfolio_items=&#8221;title,media,text,category&#8221; single_back_color=&#8221;color-xsdn&#8221; single_shape=&#8221;round&#8221; radius=&#8221;xs&#8221; single_overlay_opacity=&#8221;20&#8243; single_image_anim=&#8221;no&#8221; single_h_align=&#8221;center&#8221; single_padding=&#8221;1&#8243; single_title_dimension=&#8221;h3&#8243; single_border=&#8221;yes&#8221; single_css_animation=&#8221;bottom-t-top&#8221; single_animation_delay=&#8221;200&#8243; custom_order=&#8221;yes&#8221; no_double_tap=&#8221;yes&#8221; carousel_rtl=&#8221;&#8221; single_title_uppercase=&#8221;&#8221; single_block_click=&#8221;&#8221; single_text_hover=&#8221;&#8221; single_no_background=&#8221;&#8221; single_title_serif=&#8221;&#8221; single_title_divider=&#8221;&#8221; order_ids=&#8221;89282,88442,88280,88783&#8243; uncode_shortcode_id=&#8221;135136&#8243;][\/vc_column][\/vc_row][vc_row row_height_percent=&#8221;0&#8243; override_padding=&#8221;yes&#8221; h_padding=&#8221;2&#8243; top_padding=&#8221;5&#8243; bottom_padding=&#8221;5&#8243; back_color=&#8221;color-lxmt&#8221; overlay_alpha=&#8221;90&#8243; gutter_size=&#8221;3&#8243; column_width_percent=&#8221;100&#8243; shift_y=&#8221;0&#8243; z_index=&#8221;0&#8243;][vc_column column_width_use_pixel=&#8221;yes&#8221; align_horizontal=&#8221;align_center&#8221; gutter_size=&#8221;3&#8243; overlay_alpha=&#8221;50&#8243; shift_x=&#8221;0&#8243; shift_y=&#8221;0&#8243; z_index=&#8221;0&#8243; medium_width=&#8221;0&#8243; css_animation=&#8221;alpha-anim&#8221; animation_delay=&#8221;200&#8243; width=&#8221;1\/1&#8243;][vc_row_inner row_inner_height_percent=&#8221;0&#8243; overlay_alpha=&#8221;50&#8243; gutter_size=&#8221;3&#8243; shift_y=&#8221;0&#8243; limit_content=&#8221;&#8221;][vc_column_inner column_width_use_pixel=&#8221;yes&#8221; align_horizontal=&#8221;align_center&#8221; gutter_size=&#8221;3&#8243; overlay_alpha=&#8221;50&#8243; shift_x=&#8221;0&#8243; shift_y=&#8221;0&#8243; z_index=&#8221;0&#8243; medium_width=&#8221;0&#8243; mobile_width=&#8221;0&#8243; width=&#8221;1\/1&#8243; column_width_pixel=&#8221;700&#8243;][vc_custom_heading heading_semantic=&#8221;h3&#8243; sub_lead=&#8221;yes&#8221; sub_reduced=&#8221;yes&#8221; subheading=&#8221;M\u0113s braucam ar E-velo, jo t\u0101 ir lieliska akt\u012bv\u0101 atp\u016bta apvienojum\u0101 ar ce\u013co\u0161anas prieku. Mums ir jaun\u0101k\u0101s paaudzes, moderni eMTB (Electric Mountain Bike) velosip\u0113di. Easy Ride m\u0113r\u0137is ir dot iesp\u0113ju ikvienam izbaud\u012bt velo brauk\u0161anu un ce\u013co\u0161anu.&#8221;]Viss par E-velo un Easy Ride[\/vc_custom_heading][\/vc_column_inner][\/vc_row_inner][vc_row_inner row_inner_height_percent=&#8221;0&#8243; overlay_alpha=&#8221;50&#8243; gutter_size=&#8221;3&#8243; shift_y=&#8221;0&#8243; limit_content=&#8221;&#8221;][vc_column_inner column_width_percent=&#8221;100&#8243; align_horizontal=&#8221;align_center&#8221; gutter_size=&#8221;3&#8243; overlay_alpha=&#8221;50&#8243; shift_x=&#8221;0&#8243; shift_y=&#8221;0&#8243; z_index=&#8221;0&#8243; medium_width=&#8221;0&#8243; align_mobile=&#8221;align_center_mobile&#8221; mobile_width=&#8221;0&#8243; zoom_width=&#8221;0&#8243; zoom_height=&#8221;0&#8243; width=&#8221;1\/1&#8243;][uncode_index el_id=&#8221;index-97570478&#8243; index_type=&#8221;carousel&#8221; loop=&#8221;size:9|order_by:date|post_type:post|taxonomy_count:10&#8243; carousel_lg=&#8221;3&#8243; carousel_md=&#8221;3&#8243; carousel_sm=&#8221;1&#8243; gutter_size=&#8221;3&#8243; post_items=&#8221;title,spacer|half,text|full|120,media|media|onpost|original,link|link|default_size|scale_mobile|Las\u012bt vair\u0101k&#8221; carousel_height=&#8221;equal&#8221; carousel_interval=&#8221;0&#8243; carousel_navspeed=&#8221;400&#8243; carousel_dots=&#8221;yes&#8221; carousel_dots_mobile=&#8221;yes&#8221; stage_padding=&#8221;0&#8243; single_back_color=&#8221;color-xsdn&#8221; single_shape=&#8221;round&#8221; single_overlay_opacity=&#8221;50&#8243; single_h_align=&#8221;center&#8221; single_h_align_mobile=&#8221;center&#8221; single_padding=&#8221;3&#8243; single_title_dimension=&#8221;h3&#8243; single_shadow=&#8221;yes&#8221; shadow_weight=&#8221;sm&#8221; single_border=&#8221;yes&#8221; single_css_animation=&#8221;zoom-in&#8221; custom_order=&#8221;yes&#8221; footer_position=&#8221;left&#8221; single_no_background=&#8221;yes&#8221; order_ids=&#8221;88875,88282,89138,88879&#8243; uncode_shortcode_id=&#8221;128026&#8243;][\/vc_column_inner][\/vc_row_inner][vc_button button_color=&#8221;color-153825&#8243; border_width=&#8221;0&#8243; link=&#8221;url:http%3A%2F%2Feasyride.lv%2Findex.php%2Fposts%2F&#8221;]Visi raksti[\/vc_button][\/vc_column][\/vc_row]<\/p>\n<\/div>","protected":false},"excerpt":{"rendered":"<p>[vc_row row_height_percent=&#8221;90&#8243; override_padding=&#8221;yes&#8221; h_padding=&#8221;2&#8243; top_padding=&#8221;5&#8243; bottom_padding=&#8221;5&#8243; back_color=&#8221;color-uydo&#8221; back_image=&#8221;89573&#8243; overlay_color=&#8221;accent&#8221; overlay_alpha=&#8221;14&#8243; gutter_size=&#8221;3&#8243; column_width_percent=&#8221;100&#8243; shift_y=&#8221;0&#8243; z_index=&#8221;0&#8243; auto_height_device=&#8221;yes&#8221; row_name=&#8221;Welcome&#8221; uncode_shortcode_id=&#8221;584992&#8243; back_color_type=&#8221;uncode-palette&#8221; overlay_color_type=&#8221;uncode-palette&#8221;][vc_column column_width_use_pixel=&#8221;yes&#8221; [&hellip;]<\/p>\n","protected":false},"author":1,"featured_media":0,"parent":0,"menu_order":0,"comment_status":"closed","ping_status":"closed","template":"","meta":{"footnotes":""},"class_list":["post-88275","page","type-page","status-publish","hentry","page_category-er-pages"],"_links":{"self":[{"href":"https:\/\/easyride.lv\/index.php\/wp-json\/wp\/v2\/pages\/88275","targetHints":{"allow":["GET"]}}],"collection":[{"href":"https:\/\/easyride.lv\/index.php\/wp-json\/wp\/v2\/pages"}],"about":[{"href":"https:\/\/easyride.lv\/index.php\/wp-json\/wp\/v2\/types\/page"}],"author":[{"embeddable":true,"href":"https:\/\/easyride.lv\/index.php\/wp-json\/wp\/v2\/users\/1"}],"replies":[{"embeddable":true,"href":"https:\/\/easyride.lv\/index.php\/wp-json\/wp\/v2\/comments?post=88275"}],"version-history":[{"count":184,"href":"https:\/\/easyride.lv\/index.php\/wp-json\/wp\/v2\/pages\/88275\/revisions"}],"predecessor-version":[{"id":90334,"href":"https:\/\/easyride.lv\/index.php\/wp-json\/wp\/v2\/pages\/88275\/revisions\/90334"}],"wp:attachment":[{"href":"https:\/\/easyride.lv\/index.php\/wp-json\/wp\/v2\/media?parent=88275"}],"curies":[{"name":"wp","href":"https:\/\/api.w.org\/{rel}","templated":true}]}}