{"id":88294,"date":"2021-03-02T18:48:36","date_gmt":"2021-03-02T18:48:36","guid":{"rendered":"http:\/\/easyride.lv\/?page_id=88294"},"modified":"2023-07-13T08:49:20","modified_gmt":"2023-07-13T08:49:20","slug":"about-us","status":"publish","type":"page","link":"https:\/\/easyride.lv\/index.php\/about-us\/","title":{"rendered":"About Us"},"content":{"rendered":"<div class=\"wpb-content-wrapper\"><p>[vc_row row_height_percent=&#8221;0&#8243; override_padding=&#8221;yes&#8221; h_padding=&#8221;2&#8243; top_padding=&#8221;2&#8243; bottom_padding=&#8221;0&#8243; overlay_alpha=&#8221;50&#8243; gutter_size=&#8221;3&#8243; column_width_percent=&#8221;100&#8243; shift_y=&#8221;0&#8243; z_index=&#8221;0&#8243;][vc_column column_width_percent=&#8221;50&#8243; gutter_size=&#8221;3&#8243; overlay_alpha=&#8221;50&#8243; shift_x=&#8221;0&#8243; shift_y=&#8221;0&#8243; shift_y_down=&#8221;0&#8243; z_index=&#8221;0&#8243; medium_width=&#8221;0&#8243; mobile_width=&#8221;0&#8243; width=&#8221;1\/1&#8243;][vc_column_text]<\/p>\n<h4 style=\"text-align: center;\">K\u0101p\u0113c j\u0101brauc ar mums?<\/h4>\n<p style=\"text-align: left;\">+M\u0113s esam profesion\u0101li braucienu vad\u012bt\u0101ji;<br \/>\n+M\u0113s braucam ar Cube Reaction Hybrid Pro eMTB elektrovelosip\u0113diem.<\/p>\n<h4 style=\"text-align: center;\">Ko Tu ieg\u016bsi ce\u013cojot ar mums?<\/h4>\n<p>+\u012astu ce\u013cojuma saj\u016btu braucien\u0101 ar E-velo;<br \/>\n+Pozit\u012bvas emocijas un jaunu velo ce\u013co\u0161anas pieredzi;<br \/>\n+Apm\u0101c\u012bbu brauk\u0161anai ar elektrisko velosip\u0113du;<br \/>\n+Profesion\u0101lu brauciena vad\u012bt\u0101ju un tehnisko atbalstu;<br \/>\n+\u012apa\u0161i izstr\u0101d\u0101tus un piel\u0101gotus mar\u0161rutus atbilsto\u0161i katra prasm\u0113m un sp\u0113j\u0101m;[\/vc_column_text][vc_single_image media=&#8221;90164&#8243; media_width_percent=&#8221;100&#8243; alignment=&#8221;center&#8221; uncode_shortcode_id=&#8221;511510&#8243;][\/vc_column][\/vc_row][vc_row row_height_percent=&#8221;0&#8243; override_padding=&#8221;yes&#8221; h_padding=&#8221;2&#8243; top_padding=&#8221;0&#8243; bottom_padding=&#8221;2&#8243; overlay_alpha=&#8221;50&#8243; gutter_size=&#8221;3&#8243; column_width_percent=&#8221;100&#8243; shift_y=&#8221;0&#8243; z_index=&#8221;0&#8243;][vc_column column_width_percent=&#8221;49&#8243; gutter_size=&#8221;3&#8243; overlay_alpha=&#8221;50&#8243; shift_x=&#8221;0&#8243; shift_y=&#8221;0&#8243; shift_y_down=&#8221;0&#8243; z_index=&#8221;0&#8243; medium_width=&#8221;0&#8243; mobile_width=&#8221;0&#8243; width=&#8221;1\/1&#8243;][vc_column_text]<\/p>\n<p style=\"text-align: center;\"><strong>J\u0101nis Cimi\u0146\u0161<\/strong><\/p>\n<p style=\"text-align: left;\">EASY RIDE E-velo ce\u013cojumu vad\u012bt\u0101js un organizators. Velosip\u0113du un E-Velo entuziasts, k\u0101 ar\u012b aizraut\u012bgs motociklists. Profesion\u0101ls moto t\u016bru vad\u012bt\u0101js un sertific\u0113ts BMW motociklu bezce\u013cu brauk\u0161anas instruktors. Vad\u012bjis ce\u013cojumus motociklistu grup\u0101m Island\u0113, \u0100frik\u0101, Austr\u0101lij\u0101, Jaunz\u0113land\u0113. Ar savu motociklu 2x aizbraucis no Salacgr\u012bvas l\u012bdz Hongkongai.<\/p>\n<p>[\/vc_column_text][\/vc_column][\/vc_row][vc_row row_height_percent=&#8221;0&#8243; override_padding=&#8221;yes&#8221; h_padding=&#8221;2&#8243; top_padding=&#8221;2&#8243; bottom_padding=&#8221;0&#8243; overlay_alpha=&#8221;50&#8243; gutter_size=&#8221;3&#8243; column_width_percent=&#8221;100&#8243; shift_y=&#8221;0&#8243; z_index=&#8221;0&#8243;][vc_column column_width_percent=&#8221;50&#8243; gutter_size=&#8221;3&#8243; overlay_alpha=&#8221;50&#8243; shift_x=&#8221;0&#8243; shift_y=&#8221;0&#8243; shift_y_down=&#8221;0&#8243; z_index=&#8221;0&#8243; medium_width=&#8221;0&#8243; mobile_width=&#8221;0&#8243; width=&#8221;1\/1&#8243;][vc_single_image media=&#8221;90165&#8243; media_width_percent=&#8221;100&#8243; alignment=&#8221;center&#8221; uncode_shortcode_id=&#8221;136819&#8243;][\/vc_column][\/vc_row][vc_row row_height_percent=&#8221;0&#8243; override_padding=&#8221;yes&#8221; h_padding=&#8221;2&#8243; top_padding=&#8221;0&#8243; bottom_padding=&#8221;2&#8243; overlay_alpha=&#8221;50&#8243; gutter_size=&#8221;3&#8243; column_width_percent=&#8221;100&#8243; shift_y=&#8221;0&#8243; z_index=&#8221;0&#8243;][vc_column column_width_percent=&#8221;49&#8243; gutter_size=&#8221;3&#8243; overlay_alpha=&#8221;50&#8243; shift_x=&#8221;0&#8243; shift_y=&#8221;0&#8243; shift_y_down=&#8221;0&#8243; z_index=&#8221;0&#8243; medium_width=&#8221;0&#8243; mobile_width=&#8221;0&#8243; width=&#8221;1\/1&#8243;][vc_column_text uncode_shortcode_id=&#8221;213260&#8243;]<\/p>\n<p style=\"text-align: center;\"><strong>Aija Bley<\/strong><\/p>\n<p>EASY RIDE E-velo braucienu vad\u012bt\u0101ja. Profesion\u0101la kino re\u017eisore un fotogr\u0101fe. Aizraut\u012bga velobrauc\u0113ja, ce\u013cot\u0101ja un ce\u013cojumu gr\u0101matu autore.[\/vc_column_text][\/vc_column][\/vc_row][vc_row row_height_percent=&#8221;0&#8243; override_padding=&#8221;yes&#8221; h_padding=&#8221;2&#8243; top_padding=&#8221;2&#8243; bottom_padding=&#8221;0&#8243; overlay_alpha=&#8221;50&#8243; gutter_size=&#8221;3&#8243; column_width_percent=&#8221;100&#8243; shift_y=&#8221;0&#8243; z_index=&#8221;0&#8243;][vc_column column_width_percent=&#8221;50&#8243; gutter_size=&#8221;3&#8243; overlay_alpha=&#8221;50&#8243; shift_x=&#8221;0&#8243; shift_y=&#8221;0&#8243; shift_y_down=&#8221;0&#8243; z_index=&#8221;0&#8243; medium_width=&#8221;0&#8243; mobile_width=&#8221;0&#8243; width=&#8221;1\/1&#8243;][vc_single_image media=&#8221;89760&#8243; media_width_percent=&#8221;100&#8243; alignment=&#8221;center&#8221;][\/vc_column][\/vc_row][vc_row row_height_percent=&#8221;0&#8243; override_padding=&#8221;yes&#8221; h_padding=&#8221;2&#8243; top_padding=&#8221;0&#8243; bottom_padding=&#8221;2&#8243; overlay_alpha=&#8221;50&#8243; gutter_size=&#8221;3&#8243; column_width_percent=&#8221;100&#8243; shift_y=&#8221;0&#8243; z_index=&#8221;0&#8243;][vc_column column_width_percent=&#8221;49&#8243; gutter_size=&#8221;3&#8243; overlay_alpha=&#8221;50&#8243; shift_x=&#8221;0&#8243; shift_y=&#8221;0&#8243; shift_y_down=&#8221;0&#8243; z_index=&#8221;0&#8243; medium_width=&#8221;0&#8243; mobile_width=&#8221;0&#8243; width=&#8221;1\/1&#8243;][vc_column_text]<\/p>\n<p style=\"text-align: center;\"><strong>Easy Ride<\/strong><\/p>\n<p>Easy Ride m\u0113r\u0137is ir dot iesp\u0113ju ikvienam izbaud\u012bt velo brauk\u0161anu un ce\u013co\u0161anu. M\u0113s braucam ar jaun\u0101k\u0101s paaudzes, moderniem E-MTB velosip\u0113diem. Easy Ride ir sertific\u0113ts Bosch E-Velo serviss, kas r\u016bp\u0113jas lai m\u016bsu E-velo vienm\u0113r b\u016btu vislab\u0101kaj\u0101 k\u0101rt\u012bb\u0101. \u00a0Mar\u0161ruti ir sapl\u0101noti t\u0101, lai var\u0113tu izbaud\u012bt E-velo priek\u0161roc\u012bbas un atkl\u0101t velo ce\u013co\u0161anu ar elektriskajiem velosip\u0113diem. Mar\u0161ruti ir izstr\u0101d\u0101ti balstoties uz m\u016bsu moto un velo ce\u013co\u0161anas pieredzi vis\u0101 pasaul\u0113.[\/vc_column_text][\/vc_column][\/vc_row][vc_row][vc_column width=&#8221;1\/1&#8243;][\/vc_column][\/vc_row][vc_row][vc_column width=&#8221;1\/1&#8243;][\/vc_column][\/vc_row]<\/p>\n<\/div>","protected":false},"excerpt":{"rendered":"<p>[vc_row row_height_percent=&#8221;0&#8243; override_padding=&#8221;yes&#8221; h_padding=&#8221;2&#8243; top_padding=&#8221;2&#8243; bottom_padding=&#8221;0&#8243; overlay_alpha=&#8221;50&#8243; gutter_size=&#8221;3&#8243; column_width_percent=&#8221;100&#8243; shift_y=&#8221;0&#8243; z_index=&#8221;0&#8243;][vc_column column_width_percent=&#8221;50&#8243; gutter_size=&#8221;3&#8243; overlay_alpha=&#8221;50&#8243; shift_x=&#8221;0&#8243; shift_y=&#8221;0&#8243; shift_y_down=&#8221;0&#8243; z_index=&#8221;0&#8243; medium_width=&#8221;0&#8243; mobile_width=&#8221;0&#8243; [&hellip;]<\/p>\n","protected":false},"author":1,"featured_media":0,"parent":0,"menu_order":0,"comment_status":"closed","ping_status":"closed","template":"","meta":{"footnotes":""},"class_list":["post-88294","page","type-page","status-publish","hentry","page_category-er-pages"],"_links":{"self":[{"href":"https:\/\/easyride.lv\/index.php\/wp-json\/wp\/v2\/pages\/88294","targetHints":{"allow":["GET"]}}],"collection":[{"href":"https:\/\/easyride.lv\/index.php\/wp-json\/wp\/v2\/pages"}],"about":[{"href":"https:\/\/easyride.lv\/index.php\/wp-json\/wp\/v2\/types\/page"}],"author":[{"embeddable":true,"href":"https:\/\/easyride.lv\/index.php\/wp-json\/wp\/v2\/users\/1"}],"replies":[{"embeddable":true,"href":"https:\/\/easyride.lv\/index.php\/wp-json\/wp\/v2\/comments?post=88294"}],"version-history":[{"count":33,"href":"https:\/\/easyride.lv\/index.php\/wp-json\/wp\/v2\/pages\/88294\/revisions"}],"predecessor-version":[{"id":90167,"href":"https:\/\/easyride.lv\/index.php\/wp-json\/wp\/v2\/pages\/88294\/revisions\/90167"}],"wp:attachment":[{"href":"https:\/\/easyride.lv\/index.php\/wp-json\/wp\/v2\/media?parent=88294"}],"curies":[{"name":"wp","href":"https:\/\/api.w.org\/{rel}","templated":true}]}}