{"id":88332,"date":"2021-03-02T22:34:14","date_gmt":"2021-03-02T22:34:14","guid":{"rendered":"http:\/\/easyride.lv\/?page_id=88332"},"modified":"2024-04-13T15:44:08","modified_gmt":"2024-04-13T15:44:08","slug":"noteikumi","status":"publish","type":"page","link":"https:\/\/easyride.lv\/index.php\/noteikumi\/","title":{"rendered":"Noteikumi"},"content":{"rendered":"<div class=\"wpb-content-wrapper\"><p>[vc_row][vc_column width=&#8221;1\/1&#8243;][vc_column_text uncode_shortcode_id=&#8221;488826&#8243;]<strong>Easyride.lv braucienu un e-velosip\u0113du nomas noteikumi.<\/strong><br \/>\n1. E-velosip\u0113da nomas maksa ir iek\u013cauta brauciena cen\u0101 un E-velosip\u0113du at\u013cauts izmantot tikai Easy Ride brauciena mar\u0161rut\u0101.<br \/>\n2. Pirms e-velosip\u0113da pie\u0146em\u0161anas\/nodo\u0161anas akta parakst\u012b\u0161anas nomnieks uzr\u0101da iznom\u0101t\u0101ja pilnvarotajai personai dokumentu, kas apliecina nomnieka ties\u012bbas vad\u012bt velosip\u0113du (velosip\u0113da vai transportl\u012bdzek\u013ca vad\u012b\u0161anas apliec\u012bbu).<br \/>\n3. Pirms e-velosip\u0113da pie\u0146em\u0161anas, iznom\u0101t\u0101jam j\u0101nor\u0101da uz velosip\u0113dam konstat\u0113tajiem boj\u0101jumiem vai tr\u016bkumiem.<br \/>\n4. Nomnieks e-velosip\u0113da izv\u0113li un t\u0101 izmanto\u0161anu veic patst\u0101v\u012bgi, \u0146emot v\u0113r\u0101 savas vajadz\u012bbas un sp\u0113jas. Nomnieks izmanto e-velosip\u0113du uz savu risku, un iznom\u0101t\u0101js neuz\u0146emas atbild\u012bbu par kait\u0113jumu, kas var rasties sakar\u0101 ar e-velosip\u0113da izmanto\u0161anu.<br \/>\n5. Lietojot velosip\u0113du invent\u0101ru, nomnieks ap\u0146emas stingri iev\u0113rot LR normat\u012bvos aktus, kas regul\u0113 ce\u013ca satiksmi, t.sk., Ce\u013ca satiksmes likumu un MK 29.06.2004. noteikumus Nr. 571 \u201eCe\u013cu satiksmes noteikumi\u201d<br \/>\n6. Nomnieks var lietot e-velosip\u0113du tikai t\u0101 paredz\u0113tajam lieto\u0161anas m\u0113r\u0137im, braucot pa Latvijas Republikas teritorij\u0101 eso\u0161ajiem ce\u013ciem un taci\u0146\u0101m, kas piem\u0113rotas brauk\u0161anai ar velosip\u0113du. Nomnieks, lietojot e-velosip\u0113du, ap\u0146emas iev\u0113rot atbilsto\u0161u r\u016bp\u012bbu un piesardz\u012bbu un nebrauc ar e-velosip\u0113du pa bezce\u013ciem, skeitparku un citiem gr\u016bti p\u0101rvaramiem, \u0161\u0137\u0113r\u0161\u013cotiem apvidiem (tai skait\u0101, bet ne tikai \u2013 dub\u013ciem, bedr\u0113m, \u016bdeni, nokritu\u0161iem kokiem, lieliem akme\u0146iem utt.).<br \/>\n7. Nomnieks nodro\u0161ina e-velosip\u0113da saglab\u0101\u0161anu, k\u0101 ar\u012b veic jebk\u0101dus nepiecie\u0161amos pas\u0101kumus, lai nov\u0113rstu e-velosip\u0113da pazaud\u0113\u0161anu vai z\u0101dz\u012bbu. Ja nomas laik\u0101 e-velosip\u0113ds tiek saboj\u0101ts, pazaud\u0113ts vai nozagts, vai ar\u012b k\u0101da cita iemesla d\u0113\u013c tas k\u013c\u016bst neizmantojams, nomnieks par to uz\u0146emas pilnu materi\u0101lo atbild\u012bbu, k\u0101 ar\u012b pien\u0101kumu segt iznom\u0101t\u0101jam radu\u0161os zaud\u0113jumus.<br \/>\n8. Nomniekam ir aizliegts nodot invent\u0101ru lieto\u0161anai tre\u0161aj\u0101m person\u0101m.<br \/>\n9. Lietojot e-velosip\u0113du, nomnieks uz\u0146emas pilnu atbild\u012bbu par savu vesel\u012bbu un dz\u012bv\u012bbu, k\u0101 ar\u012b ir atbild\u012bgs par to, lai izv\u0113l\u0113tais brauk\u0161anas \u0101trums un manevri atbilstu nomnieka meistar\u012bbai un nesaboj\u0101tu e-velosip\u0113du. Nomnieks p\u0101rliecin\u0101s par savas vesel\u012bbas st\u0101vokli un t\u0101 atbilst\u012bbu velosip\u0113da lieto\u0161anai, piem\u0113ram, sirds st\u0101vokli, pa\u0161saj\u016btu, vestibul\u0101r\u0101 apar\u0101ta norm\u0101lu funkcion\u0113\u0161anu u.c., k\u0101 ar\u012b l\u016bzumu, izme\u017e\u0123\u012bjumu vai citu miesas boj\u0101jumu neesam\u012bbu, kas var rad\u012bt paaugstin\u0101tu risku miesas boj\u0101jumu ieg\u016b\u0161anai velosip\u0113da lieto\u0161anas laik\u0101.<br \/>\n10. Nomniekam nav ties\u012bbas celt mantiska vai cita veida pras\u012bbas pret iznom\u0101t\u0101ju sakar\u0101 ar e-velosip\u0113da lieto\u0161anas rezult\u0101t\u0101 g\u016bto vai tre\u0161aj\u0101m person\u0101m nodar\u012bto kait\u0113jumu, ieskaitot zaud\u0113jumus un mor\u0101lo kait\u0113jumu.<br \/>\n11. Parakstot e-velosip\u0113da nomas l\u012bgumu, nomnieks pie\u0161\u0137ir iznom\u0101t\u0101jam ties\u012bbas uz\u0146emt nomnieka fotogr\u0101fijas, video un citus ska\u0146u un vizu\u0101l\u0101s inform\u0101cijas ierakstus, k\u0101 ar\u012b v\u0101kt, saglab\u0101t un apstr\u0101d\u0101t inform\u0101ciju par \u012brnieku teksta, ska\u0146u un vizu\u0101lo datu nes\u0113jos. Ar inform\u0101cijas apstr\u0101di, cita starp\u0101, saprotamas ties\u012bbas v\u0101kt, re\u0123istr\u0113t, ievad\u012bt, glab\u0101t, sak\u0101rtot, p\u0101rveidot, izmantot, nodot, p\u0101rraid\u012bt un dz\u0113st inform\u0101ciju par nomnieku. Iznom\u0101t\u0101js ap\u0146emas izmantot nomnieka personas datus saska\u0146\u0101 ar Fizisko personu datu aizsardz\u012bbas likuma pras\u012bb\u0101m.<br \/>\n12. Nomniekam ir ties\u012bbas atgriezt e-velosip\u0113du iznom\u0101t\u0101jam pirms nomas laika beig\u0101m. \u0160\u0101d\u0101 gad\u012bjum\u0101 nomniekam nav ties\u012bbas uz samaks\u0101t\u0101s nomas maksas attiec\u012bgu samazin\u0101jumu.<br \/>\n13. Ja nomnieks, lietojot e-velosip\u0113du, p\u0101rk\u0101pj Velosip\u0113da lieto\u0161anas vai l\u012bguma noteikumus, iznom\u0101t\u0101jam ir ties\u012bbas nosl\u0113gto l\u012bgumu vienpus\u0113ji izbeigt. \u0160\u0101d\u0101 gad\u012bjum\u0101 nomniekam ir pien\u0101kums nekav\u0113joties atgriezt e-velosip\u0113du iznom\u0101t\u0101jam. L\u012bguma vienpus\u0113ja izbeig\u0161ana neizbeidz citas no l\u012bguma izrieto\u0161\u0101s iznom\u0101t\u0101ja pras\u012bjuma ties\u012bbas un nomnieka saist\u012bbas.<br \/>\n14. L\u012bguma pirmstermi\u0146a izbeig\u0161anas gad\u012bjum\u0101, iznom\u0101t\u0101jam nav pien\u0101kums atmaks\u0101t pilnu vai da\u013cu no nomas maksas.<br \/>\n15. Nomnieks neatbild par e-velosip\u0113da parasto nolietojumu, iz\u0146emot, ja nomnieks to lietojis, neiev\u0113rojot atbilsto\u0161u r\u016bp\u012bbu un piesardz\u012bbu vai pret\u0113ji Velosip\u0113da lieto\u0161anas vai normat\u012bvo aktu noteikumiem.<br \/>\n16. Ja nomnieks neatgrie\u017e velosip\u0113du vai, atgrie\u017eot velosip\u0113du, iznom\u0101t\u0101js konstat\u0113, ka velosip\u0113ds ir saboj\u0101ts un boj\u0101jumus nav iesp\u0113jams nov\u0113rst t\u0101d\u0113j\u0101di, lai velosip\u0113ds b\u016btu tehniskaj\u0101 k\u0101rt\u012bb\u0101, nomnieks, nododot velosip\u0113du, maks\u0101 iznom\u0101t\u0101jam attiec\u012bg\u0101 velosip\u0113da v\u0113rt\u012bbu.<br \/>\n17. Citos gad\u012bjumos, kad nomnieka atgrieztais e-velosip\u0113ds ir saboj\u0101ts vai nav tehniskaj\u0101 k\u0101rt\u012bb\u0101, nomnieks sedz visus izdevumus, kas iznom\u0101t\u0101jam radu\u0161ies sakar\u0101 ar attiec\u012bg\u0101 e-velosip\u0113da labo\u0161anu vai t\u0101 tr\u016bkumu nov\u0113r\u0161anu.<br \/>\n18. Nomnieks ir inform\u0113ts, ka \u0113rta brauk\u0161ana ir iesp\u0113jama, ja augums ir no 155cm l\u012bdz 188cm. Brauc\u0113ja maksim\u0101lais pie\u013caujamais svars ir 110kg.[\/vc_column_text][\/vc_column][\/vc_row]<\/p>\n<\/div>","protected":false},"excerpt":{"rendered":"<p>[vc_row][vc_column width=&#8221;1\/1&#8243;][vc_column_text uncode_shortcode_id=&#8221;488826&#8243;]Easyride.lv braucienu un e-velosip\u0113du nomas noteikumi. 1. E-velosip\u0113da nomas maksa ir iek\u013cauta brauciena cen\u0101 un E-velosip\u0113du at\u013cauts izmantot [&hellip;]<\/p>\n","protected":false},"author":1,"featured_media":0,"parent":0,"menu_order":0,"comment_status":"closed","ping_status":"closed","template":"","meta":{"footnotes":""},"class_list":["post-88332","page","type-page","status-publish","hentry","page_category-er-pages"],"_links":{"self":[{"href":"https:\/\/easyride.lv\/index.php\/wp-json\/wp\/v2\/pages\/88332","targetHints":{"allow":["GET"]}}],"collection":[{"href":"https:\/\/easyride.lv\/index.php\/wp-json\/wp\/v2\/pages"}],"about":[{"href":"https:\/\/easyride.lv\/index.php\/wp-json\/wp\/v2\/types\/page"}],"author":[{"embeddable":true,"href":"https:\/\/easyride.lv\/index.php\/wp-json\/wp\/v2\/users\/1"}],"replies":[{"embeddable":true,"href":"https:\/\/easyride.lv\/index.php\/wp-json\/wp\/v2\/comments?post=88332"}],"version-history":[{"count":10,"href":"https:\/\/easyride.lv\/index.php\/wp-json\/wp\/v2\/pages\/88332\/revisions"}],"predecessor-version":[{"id":90244,"href":"https:\/\/easyride.lv\/index.php\/wp-json\/wp\/v2\/pages\/88332\/revisions\/90244"}],"wp:attachment":[{"href":"https:\/\/easyride.lv\/index.php\/wp-json\/wp\/v2\/media?parent=88332"}],"curies":[{"name":"wp","href":"https:\/\/api.w.org\/{rel}","templated":true}]}}