{"id":88342,"date":"2021-03-07T16:50:11","date_gmt":"2021-03-07T16:50:11","guid":{"rendered":"http:\/\/easyride.lv\/?page_id=88342"},"modified":"2021-04-06T17:42:15","modified_gmt":"2021-04-06T17:42:15","slug":"distances-ligums","status":"publish","type":"page","link":"https:\/\/easyride.lv\/index.php\/distances-ligums\/","title":{"rendered":"Distances l\u012bgums"},"content":{"rendered":"<div class=\"wpb-content-wrapper\"><p>[vc_row][vc_column width=&#8221;1\/1&#8243;][vc_column_text]<\/p>\n<h2 style=\"text-align: center;\">Distances l\u012bgums<\/h2>\n<p style=\"text-align: left;\">Easyride.lv interneta veikal\u0101 pied\u0101v\u0101to pre\u010du un pakalpojumu p\u0101rdev\u0113js J\u0101nis Cimi\u0146\u0161 (re\u0123 nr. 20106912779) no vienas puses, turpm\u0101k saukts P\u0101rdev\u0113js, un persona, kas veic pas\u016bt\u012bjumu, turpm\u0101k saukta Pirc\u0113js, no otras puses, nosl\u0113dz \u0161\u0101du L\u012bgumu:<br \/>\nP\u0101rdev\u0113js ap\u0146emas p\u0101rdot un pieg\u0101d\u0101t Pirc\u0113jam preces un pakalpojumus, atbilsto\u0161i Pirc\u0113ja pas\u016bt\u012bjumam.<\/p>\n<p><strong>Pas\u016bt\u012b\u0161anas, pieg\u0101des un samaksas k\u0101rt\u012bba<\/strong><br \/>\nPirc\u0113js veic pre\u010du un pakalpojuma pas\u016bt\u012b\u0161anu caur \u0161o m\u0101jas lapu, nor\u0101dot pre\u010du\/pakalpojumu veidu un daudzumu. Pirc\u0113jam ir iesp\u0113ja veikt apmaksu par pas\u016bt\u012bjumu, lietojot interneta veikl\u0101 iestr\u0101d\u0101tos maks\u0101juma r\u012bkus vai apmaks\u0101jot p\u0101rdev\u0113ja sagatavoto un Pirc\u0113jam pa e-pastu nos\u016bt\u012bto pas\u016bt\u012bjumam atbilsto\u0161o r\u0113\u0137inu. R\u0113\u0137ins tiek sagatavots elektroniski un ir der\u012bgs bez paraksta.<\/p>\n<p><strong>Atteikuma ties\u012bbas<\/strong><br \/>\nPirc\u0113jam ir ties\u012bbas atteikties no pas\u016bt\u012bjuma 14 kalend\u0101ro dienu laik\u0101 no Preces sa\u0146em\u0161anas br\u012b\u017ea, nos\u016btot P\u0101rdev\u0113jam par to atteikuma v\u0113stuli. Atteikuma v\u0113stules veidlapu P\u0101rdev\u0113js nos\u016bta Pirc\u0113jam pa e-pastu p\u0113c Pirc\u0113ja piepras\u012bjuma.<br \/>\nPirc\u0113ja pien\u0101kums ir 7 dienu laik\u0101 p\u0113c atteikuma v\u0113stules nos\u016bt\u012b\u0161anas atdot preci P\u0101rdev\u0113jam. Visus izdevumus, kas rad\u012bsies saist\u012bb\u0101 ar preces nos\u016bt\u012b\u0161anu atpaka\u013c P\u0101rdev\u0113jam, sedz Pirc\u0113js.<br \/>\nPirc\u0113js nevar izmantot atteikuma ties\u012bbas, ja:<br \/>\n-pas\u016bt\u012bt\u0101s preces p\u0113c to rakstura nevar atdot atpaka\u013c, vai t\u0101s \u0101tri boj\u0101jas vai ir \u0101tri izlietojamas;<br \/>\n-pas\u016bt\u012bt\u0101s preces ir izgatavotas tie\u0161i Pirc\u0113jam p\u0113c individu\u0101la pas\u016bt\u012bjuma;<\/p>\n<p>Latvijas Republikas Pat\u0113r\u0113t\u0101ju ties\u012bbu aizsardz\u012bbas likuma 12. panta sest\u0101 da\u013ca nosaka, ka &#8220;pat\u0113r\u0113t\u0101js ir atbild\u012bgs par preces kvalit\u0101tes un dro\u0161uma saglab\u0101\u0161anu atteikuma ties\u012bbu realiz\u0113\u0161anas termi\u0146\u0101&#8221;. P\u0101rdev\u0113js patur ties\u012bbas Pirc\u0113jam atteikt izmantot atteikuma ties\u012bbas vai ietur\u0113t kompens\u0101cijas maksu gad\u012bjum\u0101, ja prece ir boj\u0101ta, lieto\u0161anas laik\u0101 nev\u0113r\u012bgi izturoties pret preci vai neiev\u0113rojot instrukcijas nor\u0101d\u012bjumus, ja ir nozaud\u0113ts preces ori\u0123in\u0101lais iepakojums vai ja t\u0101s iepakojums ir b\u016btiski boj\u0101ts.<\/p>\n<p><strong>Datu apstr\u0101de<\/strong><br \/>\nIevadot nepiecie\u0161amo inform\u0101ciju, noform\u0113jot pas\u016bt\u012bjumu, Pirc\u0113js apliecina, ka ir iepazinies un piekr\u012bt, ka vi\u0146a sniegtie dati tiek izmantoti, lai P\u0101rdev\u0113js var\u0113tu pie\u0146emt Pirc\u0113ja pas\u016bt\u012bjumu un veikt pre\u010du pieg\u0101di saska\u0146\u0101 ar normat\u012bvo aktu pras\u012bb\u0101m. Ievadot inform\u0101ciju, Pirc\u0113js piekr\u012bt, ka tam uz nor\u0101d\u012bto e-pastu tiks izs\u016bt\u012bti pazi\u0146ojumi, kas saist\u012bti ar Pirc\u0113ja pas\u016bt\u012bjuma apstr\u0101di.<br \/>\nVisi braucieni var tikt film\u0113ti un fotograf\u0113ti un materi\u0101li var tikt izmantoti (public\u0113ti) Easyride.lv rekl\u0101mai.[\/vc_column_text][\/vc_column][\/vc_row]<\/p>\n<\/div>","protected":false},"excerpt":{"rendered":"<p>[vc_row][vc_column width=&#8221;1\/1&#8243;][vc_column_text] Distances l\u012bgums Easyride.lv interneta veikal\u0101 pied\u0101v\u0101to pre\u010du un pakalpojumu p\u0101rdev\u0113js J\u0101nis Cimi\u0146\u0161 (re\u0123 nr. 20106912779) no vienas puses, [&hellip;]<\/p>\n","protected":false},"author":1,"featured_media":0,"parent":0,"menu_order":0,"comment_status":"closed","ping_status":"closed","template":"","meta":{"footnotes":""},"class_list":["post-88342","page","type-page","status-publish","hentry","page_category-er-pages"],"_links":{"self":[{"href":"https:\/\/easyride.lv\/index.php\/wp-json\/wp\/v2\/pages\/88342","targetHints":{"allow":["GET"]}}],"collection":[{"href":"https:\/\/easyride.lv\/index.php\/wp-json\/wp\/v2\/pages"}],"about":[{"href":"https:\/\/easyride.lv\/index.php\/wp-json\/wp\/v2\/types\/page"}],"author":[{"embeddable":true,"href":"https:\/\/easyride.lv\/index.php\/wp-json\/wp\/v2\/users\/1"}],"replies":[{"embeddable":true,"href":"https:\/\/easyride.lv\/index.php\/wp-json\/wp\/v2\/comments?post=88342"}],"version-history":[{"count":3,"href":"https:\/\/easyride.lv\/index.php\/wp-json\/wp\/v2\/pages\/88342\/revisions"}],"predecessor-version":[{"id":88949,"href":"https:\/\/easyride.lv\/index.php\/wp-json\/wp\/v2\/pages\/88342\/revisions\/88949"}],"wp:attachment":[{"href":"https:\/\/easyride.lv\/index.php\/wp-json\/wp\/v2\/media?parent=88342"}],"curies":[{"name":"wp","href":"https:\/\/api.w.org\/{rel}","templated":true}]}}