{"id":88344,"date":"2021-03-07T16:50:30","date_gmt":"2021-03-07T16:50:30","guid":{"rendered":"http:\/\/easyride.lv\/?page_id=88344"},"modified":"2022-01-02T18:03:48","modified_gmt":"2022-01-02T18:03:48","slug":"rekviziti","status":"publish","type":"page","link":"https:\/\/easyride.lv\/index.php\/rekviziti\/","title":{"rendered":"Rekviz\u012bti"},"content":{"rendered":"<div class=\"wpb-content-wrapper\"><p>[vc_row][vc_column width=&#8221;1\/1&#8243;][vc_column_text]<\/p>\n<p style=\"text-align: center;\"><strong>Rekviz\u012bti<\/strong><\/p>\n<p style=\"text-align: center;\">Saimniecisk\u0101s darb\u012bbas veic\u0113js- J\u0101nis Cimi\u0146\u0161<br \/>\nRe\u0123. nr. 20106912779<\/p>\n<p style=\"text-align: center;\">Adrese: Limba\u017eu nov. Salacgr\u012bvas pag. \u201cTa\u010di\u201d LV-4033<br \/>\nMob. T\u0101lr.: +37122084232<br \/>\ne-pasts: cimins.janis@gmail.com<\/p>\n<p style=\"text-align: center;\">Banka: A\/S \u201cSwedbank\u201d<br \/>\nKonts: LV43HABA0551001229009<\/p>\n<p>[\/vc_column_text][\/vc_column][\/vc_row]<\/p>\n<\/div>","protected":false},"excerpt":{"rendered":"<p>[vc_row][vc_column width=&#8221;1\/1&#8243;][vc_column_text] Rekviz\u012bti Saimniecisk\u0101s darb\u012bbas veic\u0113js- J\u0101nis Cimi\u0146\u0161 Re\u0123. nr. 20106912779 Adrese: Limba\u017eu nov. Salacgr\u012bvas pag. \u201cTa\u010di\u201d LV-4033 Mob. T\u0101lr.: [&hellip;]<\/p>\n","protected":false},"author":1,"featured_media":0,"parent":0,"menu_order":0,"comment_status":"closed","ping_status":"closed","template":"","meta":{"footnotes":""},"class_list":["post-88344","page","type-page","status-publish","hentry","page_category-er-pages"],"_links":{"self":[{"href":"https:\/\/easyride.lv\/index.php\/wp-json\/wp\/v2\/pages\/88344","targetHints":{"allow":["GET"]}}],"collection":[{"href":"https:\/\/easyride.lv\/index.php\/wp-json\/wp\/v2\/pages"}],"about":[{"href":"https:\/\/easyride.lv\/index.php\/wp-json\/wp\/v2\/types\/page"}],"author":[{"embeddable":true,"href":"https:\/\/easyride.lv\/index.php\/wp-json\/wp\/v2\/users\/1"}],"replies":[{"embeddable":true,"href":"https:\/\/easyride.lv\/index.php\/wp-json\/wp\/v2\/comments?post=88344"}],"version-history":[{"count":5,"href":"https:\/\/easyride.lv\/index.php\/wp-json\/wp\/v2\/pages\/88344\/revisions"}],"predecessor-version":[{"id":90069,"href":"https:\/\/easyride.lv\/index.php\/wp-json\/wp\/v2\/pages\/88344\/revisions\/90069"}],"wp:attachment":[{"href":"https:\/\/easyride.lv\/index.php\/wp-json\/wp\/v2\/media?parent=88344"}],"curies":[{"name":"wp","href":"https:\/\/api.w.org\/{rel}","templated":true}]}}