{"id":89712,"date":"2021-05-20T09:16:18","date_gmt":"2021-05-20T09:16:18","guid":{"rendered":"https:\/\/easyride.lv\/?page_id=89712"},"modified":"2022-01-06T12:18:50","modified_gmt":"2022-01-06T12:18:50","slug":"about-project","status":"publish","type":"page","link":"https:\/\/easyride.lv\/index.php\/about-project\/","title":{"rendered":"Par projektu"},"content":{"rendered":"<div class=\"wpb-content-wrapper\"><p>[vc_row][vc_column width=&#8221;1\/1&#8243;][vc_column_text uncode_shortcode_id=&#8221;808833&#8243;]J\u0101nis Cimi\u0146\u0161 ar Easy Ride E-velo t\u016brisma produktu piedal\u012bj\u0101s LIAA r\u012bkotaj\u0101 &#8220;Eksporta un Inov\u0101cijas balva 2021&#8243; konkurs\u0101, kategorij\u0101- Eksportsp\u0113j\u012bg\u0101kais jaunais t\u016brisma produkts. Produkts iek\u013cuva fin\u0101l\u0101 un sa\u0146\u0113ma atzin\u012bbas rakstu no Latvijas Ekonomikas ministrijas.[\/vc_column_text][\/vc_column][\/vc_row][vc_row][vc_column column_width_percent=&#8221;50&#8243; gutter_size=&#8221;3&#8243; overlay_alpha=&#8221;50&#8243; shift_x=&#8221;0&#8243; shift_y=&#8221;0&#8243; shift_y_down=&#8221;0&#8243; z_index=&#8221;0&#8243; medium_width=&#8221;0&#8243; mobile_width=&#8221;0&#8243; width=&#8221;1\/1&#8243; uncode_shortcode_id=&#8221;644455&#8243;][vc_single_image media=&#8221;90080&#8243; media_width_percent=&#8221;100&#8243; uncode_shortcode_id=&#8221;504272&#8243;][\/vc_column][\/vc_row][vc_row][vc_column width=&#8221;1\/1&#8221;][vc_column_text]<\/p>\n<p style=\"text-align: center;\"><span class=\"Apple-converted-space\">\u00a0Saimniecisk\u0101s darb\u012bbas veic\u0113js J\u0101nis Cimi\u0146\u0161 ar\u00a0<\/span>Eiropas Lauksaimniec\u012bbas fonda lauku att\u012bst\u012bbai (ELFLA) Latvijas Lauku att\u012bst\u012bbas programmas 2014.\u20132020.gadam apak\u0161pas\u0101kuma 19.2. \u201eDarb\u012bbas \u012bsteno\u0161ana saska\u0146\u0101 ar sabiedr\u012bbas virz\u012btas viet\u0113j\u0101s att\u012bst\u012bbas strat\u0113\u0123iju\u201d aktivit\u0101tes 19.2.1. \u201eViet\u0113j\u0101s ekonomikas stiprin\u0101\u0161anas iniciat\u012bvas\u201d<span class=\"Apple-converted-space\">\u00a0\u00a0<\/span>Biedr\u012bbas \u201cJ\u016brkante\u201d izsludin\u0101t\u0101s 10. projektu k\u0101rtas r\u012bc\u012bbas 1.1. \u201cUz\u0146\u0113m\u0113jdarb\u012bbas da\u017e\u0101do\u0161ana, att\u012bst\u012bba un uzlabo\u0161ana\u201d l\u012bdzfinans\u0113to projektu Nr. 20-09-AL22-A019.2103-000013 izveidojis E-velosip\u0113du t\u016brisma produktu.<\/p>\n<p style=\"text-align: center;\">Vair\u0101k inform\u0101cijas par Eiropas Lauksaimniec\u012bbas fondu lauku att\u012bst\u012bbai pieejams Eiropas Komisijas t\u012bmek\u013ca vietn\u0113<em><br \/>\n<\/em><span style=\"text-decoration: underline;\"><strong>\u00a0<\/strong><a href=\"http:\/\/ec.europa.eu\/agriculture\/rural-development-2014-2020\/index_lv.htm\">http:\/\/ec.europa.eu\/agriculture\/rural-development-2014-2020\/index_lv.htm<\/a><\/span>[\/vc_column_text][\/vc_column][\/vc_row][vc_row row_height_percent=&#8221;0&#8243; overlay_alpha=&#8221;50&#8243; gutter_size=&#8221;3&#8243; column_width_percent=&#8221;100&#8243; shift_y=&#8221;0&#8243; z_index=&#8221;0&#8243;][vc_column column_width_percent=&#8221;50&#8243; gutter_size=&#8221;3&#8243; overlay_alpha=&#8221;50&#8243; shift_x=&#8221;0&#8243; shift_y=&#8221;0&#8243; shift_y_down=&#8221;0&#8243; z_index=&#8221;0&#8243; medium_width=&#8221;0&#8243; mobile_width=&#8221;0&#8243; width=&#8221;1\/1&#8243;][vc_single_image media=&#8221;89713&#8243; media_width_percent=&#8221;100&#8243;][\/vc_column][\/vc_row]<\/p>\n<\/div>","protected":false},"excerpt":{"rendered":"<p>[vc_row][vc_column width=&#8221;1\/1&#8243;][vc_column_text uncode_shortcode_id=&#8221;808833&#8243;]J\u0101nis Cimi\u0146\u0161 ar Easy Ride E-velo t\u016brisma produktu piedal\u012bj\u0101s LIAA r\u012bkotaj\u0101 &#8220;Eksporta un Inov\u0101cijas balva 2021&#8243; konkurs\u0101, kategorij\u0101- [&hellip;]<\/p>\n","protected":false},"author":1,"featured_media":0,"parent":0,"menu_order":0,"comment_status":"closed","ping_status":"closed","template":"","meta":{"footnotes":""},"class_list":["post-89712","page","type-page","status-publish","hentry","page_category-er-pages"],"_links":{"self":[{"href":"https:\/\/easyride.lv\/index.php\/wp-json\/wp\/v2\/pages\/89712","targetHints":{"allow":["GET"]}}],"collection":[{"href":"https:\/\/easyride.lv\/index.php\/wp-json\/wp\/v2\/pages"}],"about":[{"href":"https:\/\/easyride.lv\/index.php\/wp-json\/wp\/v2\/types\/page"}],"author":[{"embeddable":true,"href":"https:\/\/easyride.lv\/index.php\/wp-json\/wp\/v2\/users\/1"}],"replies":[{"embeddable":true,"href":"https:\/\/easyride.lv\/index.php\/wp-json\/wp\/v2\/comments?post=89712"}],"version-history":[{"count":6,"href":"https:\/\/easyride.lv\/index.php\/wp-json\/wp\/v2\/pages\/89712\/revisions"}],"predecessor-version":[{"id":90082,"href":"https:\/\/easyride.lv\/index.php\/wp-json\/wp\/v2\/pages\/89712\/revisions\/90082"}],"wp:attachment":[{"href":"https:\/\/easyride.lv\/index.php\/wp-json\/wp\/v2\/media?parent=89712"}],"curies":[{"name":"wp","href":"https:\/\/api.w.org\/{rel}","templated":true}]}}