{"id":90055,"date":"2021-12-18T18:25:54","date_gmt":"2021-12-18T18:25:54","guid":{"rendered":"https:\/\/easyride.lv\/?page_id=90055"},"modified":"2021-12-25T10:35:33","modified_gmt":"2021-12-25T10:35:33","slug":"bosch-e-velo-serviss","status":"publish","type":"page","link":"https:\/\/easyride.lv\/index.php\/bosch-e-velo-serviss\/","title":{"rendered":"Bosch E-velo serviss"},"content":{"rendered":"<p>Easy Ride ir sertific\u0113ts Bosch E-velo serviss. M\u0113s braucam ar Bosch e-bike sist\u0113mas velosip\u0113diem un mums ir Bosch E-velo servisa un remonta pieredze. Ja tavam E-velo ir Bosch motors un ir nepiecie\u0161ama diagnostika vai remonts, tad sazinies ar mums.<\/p>\n<p>Pied\u0101v\u0101jam veikt:<\/p>\n<ul>\n<li>Bosch E-velo sist\u0113mu pilnu diagnostiku<\/li>\n<li>Programmu atjaunin\u0101jumus<\/li>\n<li>E-velo sist\u0113mas konfigur\u0101ciju<\/li>\n<li>Bosch E-velo sist\u0113mas k\u013c\u016bdu nov\u0113r\u0161anu un remontu<\/li>\n<\/ul>\n<p>&nbsp;<\/p>\n<p>&nbsp;<\/p>\n","protected":false},"excerpt":{"rendered":"<p>Easy Ride ir sertific\u0113ts Bosch E-velo serviss. M\u0113s braucam ar Bosch e-bike sist\u0113mas velosip\u0113diem un mums ir Bosch E-velo servisa [&hellip;]<\/p>\n","protected":false},"author":1,"featured_media":0,"parent":0,"menu_order":0,"comment_status":"closed","ping_status":"closed","template":"","meta":{"footnotes":""},"class_list":["post-90055","page","type-page","status-publish","hentry"],"_links":{"self":[{"href":"https:\/\/easyride.lv\/index.php\/wp-json\/wp\/v2\/pages\/90055","targetHints":{"allow":["GET"]}}],"collection":[{"href":"https:\/\/easyride.lv\/index.php\/wp-json\/wp\/v2\/pages"}],"about":[{"href":"https:\/\/easyride.lv\/index.php\/wp-json\/wp\/v2\/types\/page"}],"author":[{"embeddable":true,"href":"https:\/\/easyride.lv\/index.php\/wp-json\/wp\/v2\/users\/1"}],"replies":[{"embeddable":true,"href":"https:\/\/easyride.lv\/index.php\/wp-json\/wp\/v2\/comments?post=90055"}],"version-history":[{"count":4,"href":"https:\/\/easyride.lv\/index.php\/wp-json\/wp\/v2\/pages\/90055\/revisions"}],"predecessor-version":[{"id":90061,"href":"https:\/\/easyride.lv\/index.php\/wp-json\/wp\/v2\/pages\/90055\/revisions\/90061"}],"wp:attachment":[{"href":"https:\/\/easyride.lv\/index.php\/wp-json\/wp\/v2\/media?parent=90055"}],"curies":[{"name":"wp","href":"https:\/\/api.w.org\/{rel}","templated":true}]}}