{"id":88280,"date":"2021-03-02T18:02:42","date_gmt":"2021-03-02T18:02:42","guid":{"rendered":"http:\/\/easyride.lv\/?post_type=product&#038;p=88280"},"modified":"2024-07-27T11:38:36","modified_gmt":"2024-07-27T11:38:36","slug":"e-bike-salacas-brauciens","status":"publish","type":"product","link":"https:\/\/easyride.lv\/index.php\/product\/e-bike-salacas-brauciens\/","title":{"rendered":"E-Velo Noma Salacgr\u012bva-Aina\u017ei-Salacgr\u012bva"},"content":{"rendered":"<div class=\"wpb-content-wrapper\"><p>[vc_row row_height_percent=&#8221;0&#8243; override_padding=&#8221;yes&#8221; h_padding=&#8221;2&#8243; top_padding=&#8221;0&#8243; bottom_padding=&#8221;2&#8243; overlay_alpha=&#8221;50&#8243; gutter_size=&#8221;3&#8243; column_width_percent=&#8221;100&#8243; shift_y=&#8221;0&#8243; z_index=&#8221;0&#8243;][vc_column column_width_percent=&#8221;80&#8243; gutter_size=&#8221;3&#8243; overlay_alpha=&#8221;50&#8243; shift_x=&#8221;0&#8243; shift_y=&#8221;0&#8243; shift_y_fixed=&#8221;yes&#8221; shift_y_down=&#8221;0&#8243; z_index=&#8221;0&#8243; medium_width=&#8221;0&#8243; mobile_width=&#8221;0&#8243; width=&#8221;1\/1&#8243;][vc_column_text uncode_shortcode_id=&#8221;151244&#8243;]<\/p>\n<h2 style=\"text-align: center;\">Salacgr\u012bva-Aina\u017ei-Salacgr\u012bva brauciena apraksts.<\/h2>\n<p>Brauciena ilgums 5h, Distance 55km, Brauciena mar\u0161ruts Salacgr\u012bva-Sarkan\u0101s klintis-Aina\u017ei-Salacgr\u012bva. Paredz\u0113ts 5km brauciens gar j\u016bru. Gr\u016bt\u012bbas pak\u0101pe: vid\u0113ja. Brauciena s\u0101kums Salacgr\u012bv\u0101.<\/p>\n<p>Mar\u0161ruta karte<span style=\"text-decoration: underline;\"> <a href=\"https:\/\/www.google.com\/maps\/d\/edit?mid=1ykbgI4wsHPC6_KR-Tv8uBzfJ5_KXj_cq&amp;usp=sharing\" target=\"_blank\" rel=\"noopener\">Google Maps<\/a><\/span><\/p>\n<p>Lejupiel\u0101d\u0113 GPX failu Navig\u0101cijai <a href=\"https:\/\/drive.google.com\/file\/d\/1goUiZrzq8O3Vw-SGDXkhm31xmi95NzPA\/view?usp=drive_link\" target=\"_blank\" rel=\"noopener\"><span style=\"text-decoration: underline;\">Salacgr\u012bva-Aina\u017ei-Salacgr\u012bva.GPX<\/span><\/a><\/p>\n<p>Cen\u0101 iek\u013cauts:<br \/>\n+Elektrisk\u0101 velosip\u0113da (E-MTB) noma<br \/>\n+velo\u0137ivere<br \/>\n+apm\u0101c\u012bba brauk\u0161anai ar E-velo un tehniskais atbalsts<\/p>\n<p>&nbsp;<\/p>\n<p>Mar\u0161rut\u0101 ir iek\u013cautas sekojo\u0161as vietas:<br \/>\n-Salacas n\u0113\u0123u ta\u010di, Salacas upe un Sarkan\u0101s klintis;<br \/>\n-V\u0113sturiskais Aina\u017ei-Valmiera \u0161aurslie\u017eu dzelzce\u013ca tilts un Green railways posms;<br \/>\n-Aina\u017ei, Aina\u017eu j\u016brskolas muzejs, Aina\u017eu mols, Latvijas robe\u017ea, akmens &#8220;Balt\u0101 saule&#8221;;<br \/>\n-Brauciens pa j\u016bras krastu;<br \/>\n-Randu p\u013cavas;<br \/>\n-Kuivi\u017ei;<br \/>\n-Salacgr\u012bva;<\/p>\n<p>Izbraucot no Salacgr\u012bvas apskat\u012bsim n\u0113\u0123u ta\u010dus. T\u0101l\u0101k p\u0101ri Annasmui\u017eas tiltam, gar Salacas kreiso krastu, brauksim uz Sarkanaj\u0101m klint\u012bm. Pa ce\u013cam paveras lielisks skats uz Salacas l\u012bkumiem viet\u0101, kur Salac\u0101 ietek Kor\u0123\u012bte. Ce\u013c\u0161 l\u012bdz Salacas Sarkanaj\u0101m klint\u012bm ved caur me\u017eiem, me\u017ea stig\u0101m un tak\u0101m, gar da\u017e\u0101diem interesantiem apskates objektiem. Atp\u016btas pauze skaist\u0101 viet\u0101 pie Salacas Sarkanaj\u0101m klint\u012bm. Turpinot ce\u013cu, net\u0101lu no klint\u012bm \u0161\u0137\u0113rsosim v\u0113sturisko dzelzce\u013ca tiltu un pa Za\u013co Ce\u013cu (Green railways) dosimies uz Aina\u017eiem. Aina\u017eos ir pieejams veikals un kafejn\u012bca.<br \/>\nApskat\u012bsim Aina\u017eu interesant\u0101k\u0101s vietas, Aina\u017eu j\u016brskolas muzeju, piebrauksim pie Latvijas\/Igaunijas robe\u017eas un turpin\u0101sim ce\u013cu gar j\u016bras krastu uz Randu p\u013cav\u0101m. No turienes l\u012bdz Salacgr\u012bvai brauksim pa me\u017ea veloce\u013cu caur Kuivi\u017eiem, Zvejnieku parku un atgriez\u012bsimies Salacgr\u012bv\u0101.<\/p>\n<p>&nbsp;<\/p>\n<p>Ja izmanto sabiedrisko transportu, tad autobuss R\u012bga-Aina\u017ei attiet 8:30, pien\u0101k 10:49 pietur\u0101 Salacgr\u012bva. Atpaka\u013c autobuss no Salacgr\u012bvas uz R\u012bgu 18:35.<\/p>\n<p>Braucien\u0101 j\u0101\u0146em l\u012bdzi:<br \/>\n-neliela mugursoma person\u012bgaj\u0101m mant\u0101m;<br \/>\n-dzeramais \u016bdens, k\u0101ds na\u0161\u0137is sp\u0113kam;<br \/>\n-v\u0113ja\/lietus jaka neparedz\u0113tiem laika apst\u0101k\u013ciem;<br \/>\n-sezonai atbilsto\u0161s ap\u0123\u0113rbs;<br \/>\n-\u013coti ieteicamas velobikses ar polsteri, \u0113rtai brauk\u0161anai;<br \/>\n-velocimdi dro\u0161\u012bbai un \u0113rt\u012bbai;[\/vc_column_text][\/vc_column][\/vc_row][vc_row unlock_row_content=&#8221;yes&#8221; row_height_percent=&#8221;0&#8243; override_padding=&#8221;yes&#8221; h_padding=&#8221;0&#8243; top_padding=&#8221;0&#8243; bottom_padding=&#8221;0&#8243; overlay_alpha=&#8221;50&#8243; gutter_size=&#8221;3&#8243; column_width_percent=&#8221;100&#8243; shift_y=&#8221;0&#8243; z_index=&#8221;0&#8243;][vc_column column_width_percent=&#8221;100&#8243; gutter_size=&#8221;3&#8243; style=&#8221;dark&#8221; overlay_alpha=&#8221;50&#8243; shift_x=&#8221;0&#8243; shift_y=&#8221;0&#8243; z_index=&#8221;0&#8243; medium_width=&#8221;0&#8243; mobile_width=&#8221;0&#8243; width=&#8221;1\/1&#8243;][vc_gallery el_id=&#8221;gallery-9751014&#8243; type=&#8221;justified&#8221; medias=&#8221;88952,89047,89060,89056,89054,89052,89055,89057,89049,89051,89050,89058&#8243; justify_row_height=&#8221;250&#8243; justify_last_row=&#8221;hide&#8221; gutter_size=&#8221;1&#8243; single_overlay_color=&#8221;color-wayh&#8221; single_overlay_opacity=&#8221;50&#8243; single_h_align=&#8221;center&#8221; single_padding=&#8221;2&#8243; single_icon=&#8221;fa fa-plus2&#8243; single_border=&#8221;yes&#8221; single_css_animation=&#8221;alpha-anim&#8221; single_animation_speed=&#8221;600&#8243; single_animation_delay=&#8221;100&#8243; lbox_caption=&#8221;yes&#8221; lbox_social=&#8221;yes&#8221; lbox_deep=&#8221;yes&#8221; lbox_no_arrows=&#8221;yes&#8221; lbox_no_tmb=&#8221;yes&#8221;][\/vc_column][\/vc_row]<\/p>\n<\/div>","protected":false},"excerpt":{"rendered":"<p>Brauciena ilgums 5h, Distance 55km, Brauciena mar\u0161ruts Salacgr\u012bva-Sarkan\u0101s klintis-Aina\u017ei-Salacgr\u012bva.<\/p>\n<p>Lai rezerv\u0113tu laiku, zvani <span style=\"text-decoration: underline;\">+37122084232<\/span><\/p>\n<p>vai s\u016bti zi\u0146u<span style=\"text-decoration: underline;\"> <a href=\"https:\/\/api.whatsapp.com\/send?phone=+37122084232\" target=\"_blank\" rel=\"noopener\">WhatsApp<\/a><\/span><\/p>\n","protected":false},"featured_media":88952,"template":"","meta":[],"product_brand":[],"product_cat":[115],"product_tag":[],"class_list":{"0":"post-88280","1":"product","2":"type-product","3":"status-publish","4":"has-post-thumbnail","6":"product_cat-salacgriva","8":"first","9":"outofstock","10":"shipping-taxable","11":"purchasable","12":"product-type-variable"},"_links":{"self":[{"href":"https:\/\/easyride.lv\/index.php\/wp-json\/wp\/v2\/product\/88280","targetHints":{"allow":["GET"]}}],"collection":[{"href":"https:\/\/easyride.lv\/index.php\/wp-json\/wp\/v2\/product"}],"about":[{"href":"https:\/\/easyride.lv\/index.php\/wp-json\/wp\/v2\/types\/product"}],"wp:featuredmedia":[{"embeddable":true,"href":"https:\/\/easyride.lv\/index.php\/wp-json\/wp\/v2\/media\/88952"}],"wp:attachment":[{"href":"https:\/\/easyride.lv\/index.php\/wp-json\/wp\/v2\/media?parent=88280"}],"wp:term":[{"taxonomy":"product_brand","embeddable":true,"href":"https:\/\/easyride.lv\/index.php\/wp-json\/wp\/v2\/product_brand?post=88280"},{"taxonomy":"product_cat","embeddable":true,"href":"https:\/\/easyride.lv\/index.php\/wp-json\/wp\/v2\/product_cat?post=88280"},{"taxonomy":"product_tag","embeddable":true,"href":"https:\/\/easyride.lv\/index.php\/wp-json\/wp\/v2\/product_tag?post=88280"}],"curies":[{"name":"wp","href":"https:\/\/api.w.org\/{rel}","templated":true}]}}