{"id":88442,"date":"2021-03-10T07:09:53","date_gmt":"2021-03-10T07:09:53","guid":{"rendered":"http:\/\/easyride.lv\/?post_type=product&#038;p=88442"},"modified":"2024-07-27T11:38:25","modified_gmt":"2024-07-27T11:38:25","slug":"e-bike-salacgriva-cool-brauciens","status":"publish","type":"product","link":"https:\/\/easyride.lv\/index.php\/product\/e-bike-salacgriva-cool-brauciens\/","title":{"rendered":"E-Velo Noma Salacgr\u012bva"},"content":{"rendered":"<div class=\"wpb-content-wrapper\"><p>[vc_row row_height_percent=&#8221;0&#8243; override_padding=&#8221;yes&#8221; h_padding=&#8221;2&#8243; top_padding=&#8221;0&#8243; bottom_padding=&#8221;2&#8243; overlay_alpha=&#8221;50&#8243; gutter_size=&#8221;3&#8243; column_width_percent=&#8221;100&#8243; shift_y=&#8221;0&#8243; z_index=&#8221;0&#8243;][vc_column column_width_percent=&#8221;80&#8243; gutter_size=&#8221;3&#8243; overlay_alpha=&#8221;50&#8243; shift_x=&#8221;0&#8243; shift_y=&#8221;0&#8243; shift_y_fixed=&#8221;yes&#8221; shift_y_down=&#8221;0&#8243; z_index=&#8221;0&#8243; medium_width=&#8221;0&#8243; mobile_width=&#8221;0&#8243; width=&#8221;1\/1&#8243;][vc_column_text uncode_shortcode_id=&#8221;589967&#8243;]<\/p>\n<h2 style=\"text-align: center;\">Salacgr\u012bvas brauciena apraksts.<\/h2>\n<p>Brauciena ilgums 2h, Distance 20km, Brauciena mar\u0161ruts Salacgr\u012bva-Kuivi\u017ei-Tr\u012bs tilti. Gr\u016bt\u012bbas pak\u0101pe: viegla. Braucienu s\u0101kums Salacgr\u012bv\u0101.<\/p>\n<p>Cen\u0101 iek\u013cauts:<br \/>\n+Elektrisk\u0101 velosip\u0113da (E-MTB) noma<br \/>\n+velo\u0137ivere<br \/>\n+apm\u0101c\u012bba brauk\u0161anai ar E-velo un tehniskais atbalsts<\/p>\n<p>Braucienu s\u0101ksim Salacgr\u012bv\u0101, apskat\u012bsim visas 3 Salacas n\u0113\u0123u ta\u010du vietas. Izbrauksim p\u0101ris l\u012bkumus caur Salacgr\u012bvas apskates objektiem. Aizbrauksim l\u012bdz Kuivi\u017eu molam un ostai. Ja j\u016bra bus mier\u012bga, brauksim pa j\u016bras krastu 3-4km. B\u016bs vair\u0101kas interesantas ne-t\u016bristu vietas un celi\u0146i. Pa labi zin\u0101mo &#8221; Tr\u012bs Tiltu mar\u0161rutu&#8221; atgriez\u012bsimies brauciena s\u0101kuma punkt\u0101. Brauciens ir sapl\u0101nots t\u0101, lai var\u0113tu izbaud\u012bt un nov\u0113rt\u0113t E-velo priek\u0161roc\u012bbas. B\u016bs da\u017e\u0101di ce\u013ca segumi, da\u017e\u0101das sare\u017e\u0123\u012bt\u012bbas taci\u0146as.<\/p>\n<p>Braucien\u0101 j\u0101\u0146em l\u012bdzi:<br \/>\n-neliela mugursoma person\u012bgaj\u0101m mant\u0101m;<br \/>\n-dzeramais \u016bdens;<br \/>\n-v\u0113ja\/lietus jaka neprognoz\u0113tiem laika apst\u0101k\u013ciem;<br \/>\n-sezonai atbilsto\u0161s ap\u0123\u0113rbs;<br \/>\n-ieteicamas velo bikses, \u0113rtai brauk\u0161anai;<br \/>\n-velo cimdi dro\u0161\u012bbai un \u0113rt\u012bbai;[\/vc_column_text][\/vc_column][\/vc_row][vc_row unlock_row_content=&#8221;yes&#8221; row_height_percent=&#8221;0&#8243; override_padding=&#8221;yes&#8221; h_padding=&#8221;0&#8243; top_padding=&#8221;0&#8243; bottom_padding=&#8221;0&#8243; overlay_alpha=&#8221;50&#8243; gutter_size=&#8221;3&#8243; column_width_percent=&#8221;100&#8243; shift_y=&#8221;0&#8243; z_index=&#8221;0&#8243;][vc_column column_width_percent=&#8221;100&#8243; gutter_size=&#8221;3&#8243; style=&#8221;dark&#8221; overlay_alpha=&#8221;50&#8243; shift_x=&#8221;0&#8243; shift_y=&#8221;0&#8243; z_index=&#8221;0&#8243; medium_width=&#8221;0&#8243; mobile_width=&#8221;0&#8243; width=&#8221;1\/1&#8243;][vc_gallery el_id=&#8221;gallery-9751014&#8243; type=&#8221;justified&#8221; medias=&#8221;89598,89596,89599,89090,89274,89275,89076,89077,89078,89579,89278&#8243; justify_row_height=&#8221;250&#8243; justify_last_row=&#8221;hide&#8221; gutter_size=&#8221;1&#8243; single_overlay_color=&#8221;color-wayh&#8221; single_overlay_opacity=&#8221;50&#8243; single_h_align=&#8221;center&#8221; single_padding=&#8221;2&#8243; single_icon=&#8221;fa fa-plus2&#8243; single_border=&#8221;yes&#8221; single_css_animation=&#8221;alpha-anim&#8221; single_animation_speed=&#8221;600&#8243; single_animation_delay=&#8221;100&#8243; lbox_caption=&#8221;yes&#8221; lbox_social=&#8221;yes&#8221; lbox_deep=&#8221;yes&#8221; lbox_no_arrows=&#8221;yes&#8221; lbox_no_tmb=&#8221;yes&#8221;][\/vc_column][\/vc_row]<\/p>\n<\/div>","protected":false},"excerpt":{"rendered":"<p>Brauciena ilgums 2h, Distance 20km. Mar\u0161rut\u0101 iek\u013cautas Salacgr\u012bvas interesant\u0101k\u0101s apskates vietas.<\/p>\n<p>Lai rezerv\u0113tu laiku, zvani <span style=\"text-decoration: underline;\">+37122084232<\/span><\/p>\n<p>vai s\u016bti zi\u0146u<span style=\"text-decoration: underline;\"> <a href=\"https:\/\/api.whatsapp.com\/send?phone=+37122084232\" target=\"_blank\" rel=\"noopener\">WhatsApp<\/a><\/span><\/p>\n","protected":false},"featured_media":89596,"template":"","meta":[],"product_brand":[],"product_cat":[115],"product_tag":[],"class_list":{"0":"post-88442","1":"product","2":"type-product","3":"status-publish","4":"has-post-thumbnail","6":"product_cat-salacgriva","8":"first","9":"outofstock","10":"shipping-taxable","11":"purchasable","12":"product-type-variable"},"_links":{"self":[{"href":"https:\/\/easyride.lv\/index.php\/wp-json\/wp\/v2\/product\/88442","targetHints":{"allow":["GET"]}}],"collection":[{"href":"https:\/\/easyride.lv\/index.php\/wp-json\/wp\/v2\/product"}],"about":[{"href":"https:\/\/easyride.lv\/index.php\/wp-json\/wp\/v2\/types\/product"}],"wp:featuredmedia":[{"embeddable":true,"href":"https:\/\/easyride.lv\/index.php\/wp-json\/wp\/v2\/media\/89596"}],"wp:attachment":[{"href":"https:\/\/easyride.lv\/index.php\/wp-json\/wp\/v2\/media?parent=88442"}],"wp:term":[{"taxonomy":"product_brand","embeddable":true,"href":"https:\/\/easyride.lv\/index.php\/wp-json\/wp\/v2\/product_brand?post=88442"},{"taxonomy":"product_cat","embeddable":true,"href":"https:\/\/easyride.lv\/index.php\/wp-json\/wp\/v2\/product_cat?post=88442"},{"taxonomy":"product_tag","embeddable":true,"href":"https:\/\/easyride.lv\/index.php\/wp-json\/wp\/v2\/product_tag?post=88442"}],"curies":[{"name":"wp","href":"https:\/\/api.w.org\/{rel}","templated":true}]}}