{"id":88783,"date":"2021-03-11T08:10:34","date_gmt":"2021-03-11T08:10:34","guid":{"rendered":"https:\/\/easyride.lv\/?post_type=product&#038;p=88783"},"modified":"2024-07-27T11:38:13","modified_gmt":"2024-07-27T11:38:13","slug":"e-bike-vitrupes-brauciens","status":"publish","type":"product","link":"https:\/\/easyride.lv\/index.php\/product\/e-bike-vitrupes-brauciens\/","title":{"rendered":"E-Velo Noma Salacgr\u012bva-Vitrupe-Salacgr\u012bva"},"content":{"rendered":"<div class=\"wpb-content-wrapper\"><p>[vc_row row_height_percent=&#8221;0&#8243; override_padding=&#8221;yes&#8221; h_padding=&#8221;2&#8243; top_padding=&#8221;0&#8243; bottom_padding=&#8221;2&#8243; overlay_alpha=&#8221;50&#8243; gutter_size=&#8221;3&#8243; column_width_percent=&#8221;100&#8243; shift_y=&#8221;0&#8243; z_index=&#8221;0&#8243;][vc_column column_width_percent=&#8221;80&#8243; gutter_size=&#8221;3&#8243; overlay_alpha=&#8221;50&#8243; shift_x=&#8221;0&#8243; shift_y=&#8221;0&#8243; shift_y_fixed=&#8221;yes&#8221; shift_y_down=&#8221;0&#8243; z_index=&#8221;0&#8243; medium_width=&#8221;0&#8243; mobile_width=&#8221;0&#8243; width=&#8221;1\/1&#8243;][vc_column_text uncode_shortcode_id=&#8221;143601&#8243;]<\/p>\n<h2 style=\"text-align: center;\">Salacgr\u012bva-Vitrupe-Salacgr\u012bva brauciena apraksts.<\/h2>\n<p>Brauciena ilgums 4h, Distance 50km, Brauciena mar\u0161ruts Salacgr\u012bva-Sv\u0113tupe-Vitrupe-Sv\u0113tciems-Salacgr\u012bva. Paredz\u0113ts 7km brauciens gar j\u016bru. Gr\u016bt\u012bbas pak\u0101pe: viegls. Brauciena s\u0101kums Salacgr\u012bv\u0101.<\/p>\n<p>Mar\u0161ruta karte<span style=\"text-decoration: underline;\"> <a href=\"https:\/\/www.google.com\/maps\/d\/edit?mid=16MUyomsRokyu22xKgvp0s9DdqI94bnEL&amp;usp=sharing\" target=\"_blank\" rel=\"noopener\">Google Maps<\/a><\/span><\/p>\n<p>Lejupiel\u0101d\u0113 GPX failu Navig\u0101cijai \u00a0<a href=\"https:\/\/drive.google.com\/file\/d\/1x_SNvyvN9gnnRWJSBFoELCv7clHh8lio\/view?usp=drive_link\" target=\"_blank\" rel=\"noopener\"><span style=\"text-decoration: underline;\">Salacgr\u012bva-Vitrupe-Salacgr\u012bva.GPX<\/span><\/a><\/p>\n<p>Cen\u0101 iek\u013cauts:<br \/>\n+Elektrisk\u0101 velosip\u0113da (E-MTB) noma<br \/>\n+velo\u0137ivere<br \/>\n+apm\u0101c\u012bba brauk\u0161anai ar E-velo un tehniskais atbalsts<\/p>\n<p>&nbsp;<\/p>\n<p>Mar\u0161rut\u0101 ir iek\u013cautas sekojo\u0161as vietas:<\/p>\n<p>-Salacas upe un n\u0113\u0123u ta\u010di;<br \/>\n-Brauciens gar Sv\u0113tupi un Sv\u0113tupes upuralas;<br \/>\n-Br\u012bdaga;<br \/>\n-Vitrupe;<br \/>\n-Brauciens pa j\u016bras krastu;<br \/>\n-Sv\u0113tupe;<br \/>\n-Salacgr\u012bva;<\/p>\n<p>&nbsp;<\/p>\n<p>Izbraucot no Salacgr\u012bvas centra apskat\u012bsim n\u0113\u0123u ta\u010dus. T\u0101l\u0101k p\u0101ri Annasmui\u017eas tiltam virzien\u0101 uz Sv\u0113tupi. Brauksim caur skaistu prie\u017eu me\u017eu l\u012bdz Sv\u0113tupei un no turienes gar upi l\u012bdz L\u012bbie\u0161u upural\u0101m. Pirm\u0101 atp\u016btas pauze skaist\u0101 Sv\u0113tupes ielok\u0101. T\u0101l\u0101k turpin\u0101sim ce\u013cu virzien\u0101 uz Vitrupes upi l\u012bdz Br\u012bdagai (viena no padomju laiku \u201cnulles teritorij\u0101m\u201d). No Br\u012bdagas l\u012bdz Vitrupes ietekai j\u016br\u0101 brauksim pa grants ce\u013ciem. No Vitrupes ietekas j\u016br\u0101 l\u012bdz Sv\u0113tupes ietekai j\u016br\u0101 m\u016bs gaida lielisks brauciens gar j\u016bras krastu, \u0161aj\u0101 posm\u0101 gandr\u012bz vienm\u0113r ir iesp\u0113ja braukt gar pa\u0161u \u016bdens malu un izbaud\u012bt e-velo priek\u0161roc\u012bbas. Pa ce\u013cam apskat\u012bsim L\u0101\u0146u mui\u017eu. No Sv\u0113tupes ietekas l\u012bdz Salacgr\u012bvai brauksim pa me\u017ea veloce\u013cu, apskat\u012bsim da\u017eus interesantus objektus. Iebraucot Salacgr\u012bv\u0101, izbrauksim ar\u012b tur k\u0101du interesantu l\u012bkumu un atgriez\u012bsimies Salacgr\u012bv\u0101.<\/p>\n<p>&nbsp;<\/p>\n<p>Braucien\u0101 j\u0101\u0146em l\u012bdzi:<br \/>\n-neliela mugursoma person\u012bgaj\u0101m mant\u0101m;<br \/>\n-dzeramais \u016bdens, k\u0101ds na\u0161\u0137is sp\u0113kam;<br \/>\n-v\u0113ja\/lietus jaka neparedz\u0113tiem laika apst\u0101k\u013ciem;<br \/>\n-sezonai atbilsto\u0161s ap\u0123\u0113rbs;<br \/>\n-\u013coti ieteicamas velobikses ar polsteri, \u0113rtai brauk\u0161anai;<br \/>\n-velocimdi dro\u0161\u012bbai un \u0113rt\u012bbai;[\/vc_column_text][\/vc_column][\/vc_row][vc_row unlock_row_content=&#8221;yes&#8221; row_height_percent=&#8221;0&#8243; override_padding=&#8221;yes&#8221; h_padding=&#8221;0&#8243; top_padding=&#8221;0&#8243; bottom_padding=&#8221;0&#8243; overlay_alpha=&#8221;50&#8243; gutter_size=&#8221;3&#8243; column_width_percent=&#8221;100&#8243; shift_y=&#8221;0&#8243; z_index=&#8221;0&#8243;][vc_column column_width_percent=&#8221;100&#8243; gutter_size=&#8221;3&#8243; style=&#8221;dark&#8221; overlay_alpha=&#8221;50&#8243; shift_x=&#8221;0&#8243; shift_y=&#8221;0&#8243; z_index=&#8221;0&#8243; medium_width=&#8221;0&#8243; mobile_width=&#8221;0&#8243; width=&#8221;1\/1&#8243;][vc_gallery el_id=&#8221;gallery-9751014&#8243; type=&#8221;justified&#8221; medias=&#8221;89084,89082,89087,89089,89096,89091,89085,89100,89099,89097,89095,89094,89086,89352,89278&#8243; justify_row_height=&#8221;250&#8243; justify_last_row=&#8221;hide&#8221; gutter_size=&#8221;1&#8243; single_overlay_color=&#8221;color-wayh&#8221; single_overlay_opacity=&#8221;50&#8243; single_h_align=&#8221;center&#8221; single_padding=&#8221;2&#8243; single_icon=&#8221;fa fa-plus2&#8243; single_border=&#8221;yes&#8221; single_css_animation=&#8221;alpha-anim&#8221; single_animation_speed=&#8221;600&#8243; single_animation_delay=&#8221;100&#8243; lbox_caption=&#8221;yes&#8221; lbox_social=&#8221;yes&#8221; lbox_deep=&#8221;yes&#8221; lbox_no_arrows=&#8221;yes&#8221; lbox_no_tmb=&#8221;yes&#8221;][\/vc_column][\/vc_row]<\/p>\n<\/div>","protected":false},"excerpt":{"rendered":"<p>Brauciena ilgums 4h, Distance 50km, Brauciena mar\u0161ruts Salacgr\u012bva-Sv\u0113tupe-Vitrupe-Sv\u0113tciems-Salacgr\u012bva.<\/p>\n<p>Lai rezerv\u0113tu, zvani <span style=\"text-decoration: underline;\">+37122084232<\/span><\/p>\n<p>vai s\u016bti zi\u0146u<span style=\"text-decoration: underline;\"> <a href=\"https:\/\/api.whatsapp.com\/send?phone=+37122084232\" target=\"_blank\" rel=\"noopener\">WhatsApp<\/a><\/span><\/p>\n","protected":false},"featured_media":88951,"template":"","meta":[],"product_brand":[],"product_cat":[115],"product_tag":[],"class_list":{"0":"post-88783","1":"product","2":"type-product","3":"status-publish","4":"has-post-thumbnail","6":"product_cat-salacgriva","8":"first","9":"outofstock","10":"shipping-taxable","11":"purchasable","12":"product-type-variable"},"_links":{"self":[{"href":"https:\/\/easyride.lv\/index.php\/wp-json\/wp\/v2\/product\/88783","targetHints":{"allow":["GET"]}}],"collection":[{"href":"https:\/\/easyride.lv\/index.php\/wp-json\/wp\/v2\/product"}],"about":[{"href":"https:\/\/easyride.lv\/index.php\/wp-json\/wp\/v2\/types\/product"}],"wp:featuredmedia":[{"embeddable":true,"href":"https:\/\/easyride.lv\/index.php\/wp-json\/wp\/v2\/media\/88951"}],"wp:attachment":[{"href":"https:\/\/easyride.lv\/index.php\/wp-json\/wp\/v2\/media?parent=88783"}],"wp:term":[{"taxonomy":"product_brand","embeddable":true,"href":"https:\/\/easyride.lv\/index.php\/wp-json\/wp\/v2\/product_brand?post=88783"},{"taxonomy":"product_cat","embeddable":true,"href":"https:\/\/easyride.lv\/index.php\/wp-json\/wp\/v2\/product_cat?post=88783"},{"taxonomy":"product_tag","embeddable":true,"href":"https:\/\/easyride.lv\/index.php\/wp-json\/wp\/v2\/product_tag?post=88783"}],"curies":[{"name":"wp","href":"https:\/\/api.w.org\/{rel}","templated":true}]}}