{"id":89312,"date":"2021-04-23T09:44:43","date_gmt":"2021-04-23T09:44:43","guid":{"rendered":"https:\/\/easyride.lv\/?post_type=product&#038;p=89312"},"modified":"2024-07-27T11:38:01","modified_gmt":"2024-07-27T11:38:01","slug":"e-bike-tuja-salacgriva","status":"publish","type":"product","link":"https:\/\/easyride.lv\/index.php\/product\/e-bike-tuja-salacgriva\/","title":{"rendered":"E-Velo Noma T\u016bja-Salacgr\u012bva"},"content":{"rendered":"<div class=\"wpb-content-wrapper\"><p>[vc_row row_height_percent=&#8221;0&#8243; override_padding=&#8221;yes&#8221; h_padding=&#8221;2&#8243; top_padding=&#8221;0&#8243; bottom_padding=&#8221;2&#8243; overlay_alpha=&#8221;50&#8243; gutter_size=&#8221;3&#8243; column_width_percent=&#8221;100&#8243; shift_y=&#8221;0&#8243; z_index=&#8221;0&#8243;][vc_column column_width_percent=&#8221;80&#8243; gutter_size=&#8221;3&#8243; overlay_alpha=&#8221;50&#8243; shift_x=&#8221;0&#8243; shift_y=&#8221;0&#8243; shift_y_fixed=&#8221;yes&#8221; shift_y_down=&#8221;0&#8243; z_index=&#8221;0&#8243; medium_width=&#8221;0&#8243; mobile_width=&#8221;0&#8243; width=&#8221;1\/1&#8243;][vc_column_text uncode_shortcode_id=&#8221;119680&#8243;]<\/p>\n<h2 style=\"text-align: center;\">T\u016bja-Salacgr\u012bva brauciena apraksts.<\/h2>\n<p>Brauciena ilgums 5h, Distance 50km, Brauciena mar\u0161ruts Liepupe-Lembu\u017ei-T\u016bja-\u0136urmrags-Veczemju klintis-Vitrupe-Sv\u0113tupe-Salacgr\u012bva. Gr\u016bt\u012bbas pak\u0101pe: vid\u0113ja. Brauciena s\u0101kums Liepup\u0113.<\/p>\n<p>Mar\u0161ruta karte<span style=\"text-decoration: underline;\"> <a href=\"https:\/\/www.google.com\/maps\/d\/edit?mid=10-S6AWaJW3Eu812LmJrUqv6rtl0SEDVS&amp;usp=sharing\" target=\"_blank\" rel=\"noopener\">Google Maps<\/a><\/span><\/p>\n<p>Lejupiel\u0101d\u0113 GPX failu Navig\u0101cijai \u00a0 <a href=\"https:\/\/drive.google.com\/file\/d\/16ZQd4xkK7w8jJiKbzABi_SADsHtK2B0E\/view?usp=drive_link\" target=\"_blank\" rel=\"noopener\"><span style=\"text-decoration: underline;\">T\u016bja-Salacgr\u012bva.GPX<\/span><\/a><\/p>\n<p>Cen\u0101 iek\u013cauts:<br \/>\n+Elektrisk\u0101 velosip\u0113da (E-MTB) noma<br \/>\n+velo\u0137ivere<br \/>\n+apm\u0101c\u012bba brauk\u0161anai ar E-velo un tehniskais atbalsts<br \/>\n+E-velo transports uz brauciena s\u0101kumu Liepup\u0113<\/p>\n<p>&nbsp;<\/p>\n<p>Mar\u0161rut\u0101 ir iek\u013cautas sekojo\u0161as vietas:<br \/>\n-Liepupe un Liepupes pilskalns;<br \/>\n-T\u016bja un T\u016bjas mols;<br \/>\n-Brauciens pa Vidzemes akme\u0146aino j\u016bras krastu;<br \/>\n-\u0136urmraga b\u0101ka;<br \/>\n-E\u017eurgas klintis;<br \/>\n-Veczemju klintis;<br \/>\n-Meleku ce\u013c\u0161;<br \/>\n-Vitrupe, Sv\u0113tupe, brauciens gar j\u016bru un L\u0101\u0146u mui\u017ea;<br \/>\n-Salacgr\u012bva;<br \/>\n-Salaca un n\u0113\u0123u ta\u010di;<\/p>\n<p>Braucienu s\u0101ksim Liepup\u0113, jeb k\u0101 to sauca senie l\u012bbie\u0161i: Pernigele, pie kroga &#8220;Sidrabi\u0146i&#8221;. No Liepupes gar pilskalnu uz Lembu\u017eiem un tad gar j\u016bras krastu uz T\u016bju. Braucot cauri T\u016bjai pav\u0113rosim atp\u016btnieku nesteidz\u012bgo dz\u012bves rit\u0113jumu. L\u012bdz \u0136urmraga b\u0101kai brauksim gan pa ce\u013cu, gan j\u016bras krastu. Apskat\u012bsim E\u017eurgas klintis. Smil\u0161akmens atsegumu joslas kop\u0113jais garums ir vair\u0101k nek\u0101 2km. Daudz\u0101s viet\u0101s velo b\u016bs j\u0101p\u0101rnes p\u0101ri akme\u0146iem, ko jums pal\u012bdz\u0113s izdar\u012bt t\u016bres vad\u012bt\u0101js. Pac\u012bn\u012bsimies ar j\u016bru, smilt\u012bm, akme\u0146iem un e-velo, bet tas b\u016bs t\u0101 v\u0113rts. \u0160eit b\u016bs daudzi skaisti brauciena posmi. J\u0101\u0146em v\u0113r\u0101, ka brauciens pa j\u016bras krasta smilt\u012bm b\u016bs iesp\u0113jams tikai atbilsto\u0161os laika apst\u0101k\u013cos. Atvilksim elpu skaist\u0101 viet\u0101 pie labi zin\u0101maj\u0101m Veczemju klint\u012bm. Ce\u013c\u0161 no Veczemju klint\u012bm ved gar pa\u0161u j\u016bras krastu. Pa ce\u013cam piest\u0101sim un nov\u0113rt\u0113sim \u00a0Kutk\u0101ju di\u017eakmeni. Lai nok\u013c\u016btu pie Vitrupes ietekas, b\u016bs nedaudz j\u0101pabrauc pa \u0161oseju un j\u0101\u0161\u0137\u0113rso Vitrupes tilts. No Vitrupes ietekas j\u016br\u0101 l\u012bdz Sv\u0113tupes ietekai j\u016br\u0101 m\u016bs gaida lielisks brauciens gar j\u016bras krastu, \u0161aj\u0101 posm\u0101 gandr\u012bz vienm\u0113r ir iesp\u0113ja braukt gar pa\u0161u \u016bdens malu un izbaud\u012bt e-velo priek\u0161roc\u012bbas. Pa ce\u013cam apskat\u012bsim L\u0101\u0146u mui\u017eu. No Sv\u0113tupes ietekas l\u012bdz Salacgr\u012bvai brauksim pa skaistu me\u017ea veloce\u013cu. Iebraucot Salacgr\u012bv\u0101, izbrauksim ar\u012b tur k\u0101du interesantu l\u012bkumu, noteikti apskat\u012bsim n\u0113\u0123u ta\u010dus un braucienu nosl\u0113gsim Salacgr\u012bv\u0101.<\/p>\n<p>Person\u012bgos auto var atst\u0101t pirms brauciena Salacgr\u012bv\u0101 un m\u0113s nodro\u0161in\u0101sim \u0161oferu transportu uz brauciena s\u0101kumu Liepup\u0113.<\/p>\n<p>Ja izmanto sabiedrisko transportu, tad autobuss R\u012bga-Aina\u017ei attiet 9:50, pien\u0101k 11:16 pietur\u0101 Jelgavkrasti. Atpaka\u013c autobuss no Salacgr\u012bvas uz R\u012bgu 18:35.<\/p>\n<p>Braucien\u0101 j\u0101\u0146em l\u012bdzi:<br \/>\n-neliela mugursoma person\u012bgaj\u0101m mant\u0101m;<br \/>\n-dzeramais \u016bdens, k\u0101ds na\u0161\u0137is sp\u0113kam;<br \/>\n-v\u0113ja\/lietus jaka neparedz\u0113tiem laika apst\u0101k\u013ciem;<br \/>\n-sezonai atbilsto\u0161s ap\u0123\u0113rbs;<br \/>\n-\u013coti ieteicamas velobikses ar polsteri, \u0113rtai brauk\u0161anai;<br \/>\n-velocimdi dro\u0161\u012bbai un \u0113rt\u012bbai;<\/p>\n<p>Vair\u0101k info k\u0101 sagatavoties e-velo braucienam lasi<span style=\"text-decoration: underline;\"> <a href=\"https:\/\/easyride.lv\/index.php\/2021\/04\/09\/ka-sagatavoties-e-velo-braucienam\/\" target=\"_blank\" rel=\"noopener\">\u0161eit\u00a0<\/a><\/span>[\/vc_column_text][\/vc_column][\/vc_row][vc_row unlock_row_content=&#8221;yes&#8221; row_height_percent=&#8221;0&#8243; override_padding=&#8221;yes&#8221; h_padding=&#8221;0&#8243; top_padding=&#8221;0&#8243; bottom_padding=&#8221;0&#8243; overlay_alpha=&#8221;50&#8243; gutter_size=&#8221;3&#8243; column_width_percent=&#8221;100&#8243; shift_y=&#8221;0&#8243; z_index=&#8221;0&#8243;][vc_column column_width_percent=&#8221;100&#8243; gutter_size=&#8221;3&#8243; style=&#8221;dark&#8221; overlay_alpha=&#8221;50&#8243; shift_x=&#8221;0&#8243; shift_y=&#8221;0&#8243; z_index=&#8221;0&#8243; medium_width=&#8221;0&#8243; mobile_width=&#8221;0&#8243; width=&#8221;1\/1&#8243;][vc_gallery el_id=&#8221;gallery-9751014&#8243; type=&#8221;justified&#8221; medias=&#8221;89359,89355,89104,89360,89332,89353,89335,89356,89089,88951,89351,89334,89336,89100,89097,89095,89094,89102,89352,89361&#8243; justify_row_height=&#8221;250&#8243; justify_last_row=&#8221;hide&#8221; gutter_size=&#8221;1&#8243; single_overlay_color=&#8221;color-wayh&#8221; single_overlay_opacity=&#8221;50&#8243; single_h_align=&#8221;center&#8221; single_padding=&#8221;2&#8243; single_icon=&#8221;fa fa-plus2&#8243; single_border=&#8221;yes&#8221; single_css_animation=&#8221;alpha-anim&#8221; single_animation_speed=&#8221;600&#8243; single_animation_delay=&#8221;100&#8243; lbox_caption=&#8221;yes&#8221; lbox_social=&#8221;yes&#8221; lbox_deep=&#8221;yes&#8221; lbox_no_arrows=&#8221;yes&#8221; lbox_no_tmb=&#8221;yes&#8221;][\/vc_column][\/vc_row]<\/p>\n<\/div>","protected":false},"excerpt":{"rendered":"<p>Brauciena ilgums 5h, Distance 50km, Brauciena mar\u0161ruts Liepupe-T\u016bja-Veczemju klintis-Salacgr\u012bva.<\/p>\n<p>Lai rezerv\u0113tu laiku, zvani <span style=\"text-decoration: underline;\">+37122084232<\/span><\/p>\n<p>vai s\u016bti zi\u0146u<span style=\"text-decoration: underline;\"> <a href=\"https:\/\/api.whatsapp.com\/send?phone=+37122084232\" target=\"_blank\" rel=\"noopener\">WhatsApp<\/a><\/span><\/p>\n","protected":false},"featured_media":89104,"template":"","meta":[],"product_brand":[],"product_cat":[115],"product_tag":[],"class_list":{"0":"post-89312","1":"product","2":"type-product","3":"status-publish","4":"has-post-thumbnail","6":"product_cat-salacgriva","8":"first","9":"outofstock","10":"shipping-taxable","11":"purchasable","12":"product-type-variable"},"_links":{"self":[{"href":"https:\/\/easyride.lv\/index.php\/wp-json\/wp\/v2\/product\/89312","targetHints":{"allow":["GET"]}}],"collection":[{"href":"https:\/\/easyride.lv\/index.php\/wp-json\/wp\/v2\/product"}],"about":[{"href":"https:\/\/easyride.lv\/index.php\/wp-json\/wp\/v2\/types\/product"}],"wp:featuredmedia":[{"embeddable":true,"href":"https:\/\/easyride.lv\/index.php\/wp-json\/wp\/v2\/media\/89104"}],"wp:attachment":[{"href":"https:\/\/easyride.lv\/index.php\/wp-json\/wp\/v2\/media?parent=89312"}],"wp:term":[{"taxonomy":"product_brand","embeddable":true,"href":"https:\/\/easyride.lv\/index.php\/wp-json\/wp\/v2\/product_brand?post=89312"},{"taxonomy":"product_cat","embeddable":true,"href":"https:\/\/easyride.lv\/index.php\/wp-json\/wp\/v2\/product_cat?post=89312"},{"taxonomy":"product_tag","embeddable":true,"href":"https:\/\/easyride.lv\/index.php\/wp-json\/wp\/v2\/product_tag?post=89312"}],"curies":[{"name":"wp","href":"https:\/\/api.w.org\/{rel}","templated":true}]}}