{"id":89603,"date":"2021-05-10T12:38:23","date_gmt":"2021-05-10T12:38:23","guid":{"rendered":"https:\/\/easyride.lv\/?post_type=product&#038;p=89603"},"modified":"2024-07-27T11:37:48","modified_gmt":"2024-07-27T11:37:48","slug":"e-bike-ligatne","status":"publish","type":"product","link":"https:\/\/easyride.lv\/index.php\/product\/e-bike-ligatne\/","title":{"rendered":"E-Velo Noma L\u012bgatne"},"content":{"rendered":"<div class=\"wpb-content-wrapper\"><p>[vc_row row_height_percent=&#8221;0&#8243; override_padding=&#8221;yes&#8221; h_padding=&#8221;2&#8243; top_padding=&#8221;0&#8243; bottom_padding=&#8221;2&#8243; overlay_alpha=&#8221;50&#8243; gutter_size=&#8221;3&#8243; column_width_percent=&#8221;100&#8243; shift_y=&#8221;0&#8243; z_index=&#8221;0&#8243;][vc_column column_width_percent=&#8221;80&#8243; gutter_size=&#8221;3&#8243; overlay_alpha=&#8221;50&#8243; shift_x=&#8221;0&#8243; shift_y=&#8221;0&#8243; shift_y_fixed=&#8221;yes&#8221; shift_y_down=&#8221;0&#8243; z_index=&#8221;0&#8243; medium_width=&#8221;0&#8243; mobile_width=&#8221;0&#8243; width=&#8221;1\/1&#8243;][vc_column_text uncode_shortcode_id=&#8221;192985&#8243;]<\/p>\n<h2 style=\"text-align: center;\">L\u012bgatnes brauciena apraksts.<\/h2>\n<p>Brauciena ilgums 2h, Distance 20km, Brauciens mar\u0161ruts b\u016bs L\u012bgatnes pils\u0113t\u0101 un apk\u0101rtn\u0113 .<\/p>\n<p>Cen\u0101 iek\u013cauts:<br \/>\n+Elektrisk\u0101 velosip\u0113da (E-MTB) noma<br \/>\n+velo\u0137ivere<br \/>\n+apm\u0101c\u012bba brauk\u0161anai ar E-velo un tehniskais atbalsts<\/p>\n<h5><\/h5>\n<p>Braucienu s\u0101ksim no Zeit Cafe L\u012bgatn\u0113. \u00a0B\u016bs vair\u0101kas interesantas ne-t\u016bristu vietas. Brauciens ir sapl\u0101nots t\u0101, lai var\u0113tu izbaud\u012bt un nov\u0113rt\u0113t E-velo priek\u0161roc\u012bbas. B\u016bs da\u017e\u0101di ce\u013ca segumi- asfalt\u0113ti ce\u013ci, grants ce\u013ci un me\u017ea takas.<\/p>\n<p>Mar\u0161rut\u0101 b\u016bs iek\u013cautas sekojo\u0161as vietas:<\/p>\n<p>-G\u016bdu klintis;<br \/>\n-Katr\u012bnas iezis;<br \/>\n-L\u012bgatnes p\u0101rceltuve;<br \/>\n-Pap\u012brfabrikas str\u0101dnieku ciemata m\u0101jas;<br \/>\n-Lust\u016bzis un pagrabi;<br \/>\n-L\u012bgatnes up\u012bte un zivju ce\u013c\u0161;<br \/>\n-skaisti me\u017ea ce\u013ci;<\/p>\n<p>Braucien\u0101 j\u0101\u0146em l\u012bdzi:<br \/>\n-neliela mugursoma person\u012bgaj\u0101m mant\u0101m;<br \/>\n-dzeramais \u016bdens;<br \/>\n-v\u0113ja\/lietus jaka neparedz\u0113tiem laika apst\u0101k\u013ciem;<br \/>\n-sezonai atbilsto\u0161s ap\u0123\u0113rbs;<br \/>\n-\u013coti ieteicamas velobikses ar polsteri, \u0113rtai brauk\u0161anai;<br \/>\n-velocimdi dro\u0161\u012bbai un \u0113rt\u012bbai;[\/vc_column_text][\/vc_column][\/vc_row][vc_row unlock_row_content=&#8221;yes&#8221; row_height_percent=&#8221;0&#8243; override_padding=&#8221;yes&#8221; h_padding=&#8221;0&#8243; top_padding=&#8221;0&#8243; bottom_padding=&#8221;0&#8243; overlay_alpha=&#8221;50&#8243; gutter_size=&#8221;3&#8243; column_width_percent=&#8221;100&#8243; shift_y=&#8221;0&#8243; z_index=&#8221;0&#8243;][vc_column column_width_percent=&#8221;100&#8243; gutter_size=&#8221;3&#8243; style=&#8221;dark&#8221; overlay_alpha=&#8221;50&#8243; shift_x=&#8221;0&#8243; shift_y=&#8221;0&#8243; shift_y_down=&#8221;0&#8243; z_index=&#8221;0&#8243; medium_width=&#8221;0&#8243; mobile_width=&#8221;0&#8243; width=&#8221;1\/1&#8243;][vc_gallery el_id=&#8221;gallery-9751014&#8243; type=&#8221;justified&#8221; medias=&#8221;89583,89554,89569,89565,89593,89556,89567,89568,89572,89594,89689&#8243; justify_row_height=&#8221;250&#8243; justify_last_row=&#8221;hide&#8221; gutter_size=&#8221;1&#8243; single_overlay_color=&#8221;color-wayh&#8221; single_overlay_opacity=&#8221;50&#8243; single_h_align=&#8221;center&#8221; single_padding=&#8221;2&#8243; single_icon=&#8221;fa fa-plus2&#8243; single_border=&#8221;yes&#8221; single_css_animation=&#8221;alpha-anim&#8221; single_animation_speed=&#8221;600&#8243; single_animation_delay=&#8221;100&#8243; lbox_caption=&#8221;yes&#8221; lbox_social=&#8221;yes&#8221; lbox_deep=&#8221;yes&#8221; lbox_no_arrows=&#8221;yes&#8221; lbox_no_tmb=&#8221;yes&#8221;][\/vc_column][\/vc_row]<\/p>\n<\/div>","protected":false},"excerpt":{"rendered":"<p>Brauciena ilgums 2h, Distance 20km, Brauciena mar\u0161rut\u0101 iek\u013cauti L\u012bgatnes interesant\u0101kie apskates objekti.<\/p>\n<p>Lai rezerv\u0113tu laiku, zvani <span style=\"text-decoration: underline;\">+37122084232<\/span><\/p>\n<p>vai s\u016bti zi\u0146u<span style=\"text-decoration: underline;\"> <a href=\"https:\/\/api.whatsapp.com\/send?phone=+37122084232\" target=\"_blank\" rel=\"noopener\">WhatsApp<\/a><\/span><\/p>\n","protected":false},"featured_media":89597,"template":"","meta":[],"product_brand":[],"product_cat":[112],"product_tag":[],"class_list":{"0":"post-89603","1":"product","2":"type-product","3":"status-publish","4":"has-post-thumbnail","6":"product_cat-ligatne","8":"first","9":"outofstock","10":"shipping-taxable","11":"purchasable","12":"product-type-variable"},"_links":{"self":[{"href":"https:\/\/easyride.lv\/index.php\/wp-json\/wp\/v2\/product\/89603","targetHints":{"allow":["GET"]}}],"collection":[{"href":"https:\/\/easyride.lv\/index.php\/wp-json\/wp\/v2\/product"}],"about":[{"href":"https:\/\/easyride.lv\/index.php\/wp-json\/wp\/v2\/types\/product"}],"wp:featuredmedia":[{"embeddable":true,"href":"https:\/\/easyride.lv\/index.php\/wp-json\/wp\/v2\/media\/89597"}],"wp:attachment":[{"href":"https:\/\/easyride.lv\/index.php\/wp-json\/wp\/v2\/media?parent=89603"}],"wp:term":[{"taxonomy":"product_brand","embeddable":true,"href":"https:\/\/easyride.lv\/index.php\/wp-json\/wp\/v2\/product_brand?post=89603"},{"taxonomy":"product_cat","embeddable":true,"href":"https:\/\/easyride.lv\/index.php\/wp-json\/wp\/v2\/product_cat?post=89603"},{"taxonomy":"product_tag","embeddable":true,"href":"https:\/\/easyride.lv\/index.php\/wp-json\/wp\/v2\/product_tag?post=89603"}],"curies":[{"name":"wp","href":"https:\/\/api.w.org\/{rel}","templated":true}]}}