{"id":89684,"date":"2021-05-11T09:14:46","date_gmt":"2021-05-11T09:14:46","guid":{"rendered":"https:\/\/easyride.lv\/?post_type=product&#038;p=89684"},"modified":"2024-07-27T11:37:33","modified_gmt":"2024-07-27T11:37:33","slug":"e-bike-ligatne-sigulda","status":"publish","type":"product","link":"https:\/\/easyride.lv\/index.php\/product\/e-bike-ligatne-sigulda\/","title":{"rendered":"E-Velo Noma L\u012bgatne-Sigulda-L\u012bgatne"},"content":{"rendered":"<div class=\"wpb-content-wrapper\"><p>[vc_row row_height_percent=&#8221;0&#8243; override_padding=&#8221;yes&#8221; h_padding=&#8221;2&#8243; top_padding=&#8221;0&#8243; bottom_padding=&#8221;2&#8243; overlay_alpha=&#8221;50&#8243; gutter_size=&#8221;3&#8243; column_width_percent=&#8221;100&#8243; shift_y=&#8221;0&#8243; z_index=&#8221;0&#8243;][vc_column column_width_percent=&#8221;80&#8243; gutter_size=&#8221;3&#8243; overlay_alpha=&#8221;50&#8243; shift_x=&#8221;0&#8243; shift_y=&#8221;0&#8243; shift_y_fixed=&#8221;yes&#8221; shift_y_down=&#8221;0&#8243; z_index=&#8221;0&#8243; medium_width=&#8221;0&#8243; mobile_width=&#8221;0&#8243; width=&#8221;1\/1&#8243;][vc_column_text uncode_shortcode_id=&#8221;108521&#8243;]<\/p>\n<h2 style=\"text-align: center;\">L\u012bgatne-Sigulda-L\u012bgatne brauciena apraksts.<\/h2>\n<p>Brauciena ilgums 5h, Distance 52km, Brauciena mar\u0161ruts L\u012bgatne-Gaujas krasts-Krimulda-Sigulda-Ratnieki-L\u012bgatne. Brauciena s\u0101kums no m\u0101j\u0101m &#8220;B\u0113rzi\u0146i&#8221; L\u012bgatn\u0113 (4km no L\u012bgatnes centra, pie L\u012bgatnes Dabas Tak\u0101m)<\/p>\n<p>Mar\u0161ruta karte<span style=\"text-decoration: underline;\">\u00a0<a href=\"https:\/\/www.google.com\/maps\/d\/edit?mid=17IyfwtCOZL6gXfXirBIxsUR6-FkcTelI&amp;usp=sharing\" target=\"_blank\" rel=\"noopener\">Google Maps<\/a><\/span><\/p>\n<p>Lejupiel\u0101d\u0113 GPX failu navig\u0101cijai <a href=\"https:\/\/drive.google.com\/file\/d\/1cyiJGifLAbTGe8el_2XfZWdAkZbqg6La\/view?usp=drive_link\" target=\"_blank\" rel=\"noopener\"><span style=\"text-decoration: underline;\">L\u012bgatne-Sigulda-L\u012bgatne.GPX<\/span><\/a><\/p>\n<p>Cen\u0101 iek\u013cauts:<br \/>\n+Elektrisk\u0101 velosip\u0113da (E-MTB) noma<br \/>\n+velo\u0137ivere<br \/>\n+apm\u0101c\u012bba brauk\u0161anai ar E-velo un tehniskais atbalsts<\/p>\n<p>Mar\u0161rut\u0101 ir iek\u013cautas sekojo\u0161as vietas:<br \/>\n-G\u016bdu klints;<br \/>\n-me\u017ea taka gar Gauju no L\u012bgatnes l\u012bdz Siguldai;<br \/>\n-Krimulda;<br \/>\n-Sigulda;<br \/>\n-Ratnieki;<br \/>\n-L\u012bgatne;<\/p>\n<p>&nbsp;<\/p>\n<p>Braucienu s\u0101ksim no m\u0101j\u0101m &#8220;B\u0113rzi\u0146i&#8221; L\u012bgatn\u0113. Uz Siguldu dosimies gar Gauju pa vienu no skaist\u0101kaj\u0101m velo tak\u0101m Latvij\u0101. Da\u017e\u0101s viet\u0101s b\u016bs j\u0101nes velosip\u0113di pa trep\u0113m, to jums pal\u012bdz\u0113s brauciena vad\u012bt\u0101js. No Siguldas Gaujas tilta pa klasisko Siguldas MTB mar\u0161rutu l\u012bdz Velnalai un t\u0101l\u0101k l\u012bdz Krimuldas mui\u017eai. Nov\u0113rt\u0113sim Siguldas lielisko velo infrastrukt\u016bru un e-velo sniegt\u0101s priek\u0161roc\u012bbas Siguldas reljef\u0101. Siguld\u0101 paredz\u0113ta atp\u016btas pauze k\u0101d\u0101 no kafejn\u012bc\u0101m. No Parad\u012bzes kalna dosimies pa Nurmi\u017eu ce\u013cu atpaka\u013c uz L\u012bgatni izbaudot mieru, ce\u013cu un lauku pla\u0161umu, piln\u012bgu kontrastu me\u017ea tak\u0101m un pils\u0113tai. \u00a0Braucienu nosl\u0113gsim pie m\u0101j\u0101m &#8220;B\u0113rzi\u0146i&#8221; L\u012bgatn\u0113.<\/p>\n<p>Person\u012bgos auto var atst\u0101t pirms brauciena pie m\u0101j\u0101m &#8220;B\u0113rzi\u0146i&#8221;, L\u012bgatn\u0113.<\/p>\n<p>Braucien\u0101 j\u0101\u0146em l\u012bdzi:<br \/>\n-neliela mugursoma person\u012bgaj\u0101m mant\u0101m;<br \/>\n-dzeramais \u016bdens;<br \/>\n-v\u0113ja\/lietus jaka neparedz\u0113tiem laika apst\u0101k\u013ciem;<br \/>\n-sezonai atbilsto\u0161s ap\u0123\u0113rbs;<br \/>\n-\u013coti ieteicamas velobikses ar polsteri, \u0113rtai brauk\u0161anai;<\/p>\n<p>Vair\u0101k info k\u0101 sagatavoties e-velo braucienam lasi <a href=\"https:\/\/easyride.lv\/index.php\/2021\/04\/09\/ka-sagatavoties-e-velo-braucienam\/\" target=\"_blank\" rel=\"noopener\">\u0161eit\u00a0<\/a>[\/vc_column_text][\/vc_column][\/vc_row][vc_row unlock_row_content=&#8221;yes&#8221; row_height_percent=&#8221;0&#8243; override_padding=&#8221;yes&#8221; h_padding=&#8221;0&#8243; top_padding=&#8221;0&#8243; bottom_padding=&#8221;0&#8243; overlay_alpha=&#8221;50&#8243; gutter_size=&#8221;3&#8243; column_width_percent=&#8221;100&#8243; shift_y=&#8221;0&#8243; z_index=&#8221;0&#8243;][vc_column column_width_percent=&#8221;100&#8243; gutter_size=&#8221;3&#8243; style=&#8221;dark&#8221; overlay_alpha=&#8221;50&#8243; shift_x=&#8221;0&#8243; shift_y=&#8221;0&#8243; z_index=&#8221;0&#8243; medium_width=&#8221;0&#8243; mobile_width=&#8221;0&#8243; width=&#8221;1\/1&#8243;][vc_gallery el_id=&#8221;gallery-9751014&#8243; type=&#8221;justified&#8221; medias=&#8221;89692,89695,89686,89694,89693,89688,89564,89691,89578,89567,89565,89556,89689,89597&#8243; justify_row_height=&#8221;250&#8243; gutter_size=&#8221;1&#8243; single_overlay_color=&#8221;color-wayh&#8221; single_overlay_opacity=&#8221;50&#8243; single_h_align=&#8221;center&#8221; single_padding=&#8221;2&#8243; single_icon=&#8221;fa fa-plus2&#8243; single_border=&#8221;yes&#8221; single_css_animation=&#8221;alpha-anim&#8221; single_animation_speed=&#8221;600&#8243; single_animation_delay=&#8221;100&#8243; lbox_caption=&#8221;yes&#8221; lbox_social=&#8221;yes&#8221; lbox_deep=&#8221;yes&#8221; lbox_no_arrows=&#8221;yes&#8221; lbox_no_tmb=&#8221;yes&#8221;][\/vc_column][\/vc_row]<\/p>\n<\/div>","protected":false},"excerpt":{"rendered":"<p>Brauciena ilgums 5h, Distance 52km, Brauciena mar\u0161ruts L\u012bgatne-Gaujas krasta veloce\u013c\u0161-Krimulda-Sigulda-Ratnieki-L\u012bgatne.<\/p>\n<p>Lai rezerv\u0113tu laiku, zvani <span style=\"text-decoration: underline;\">+37122084232<\/span><\/p>\n<p>vai s\u016bti zi\u0146u<span style=\"text-decoration: underline;\"> <a href=\"https:\/\/api.whatsapp.com\/send?phone=+37122084232\" target=\"_blank\" rel=\"noopener\">WhatsApp<\/a><\/span><\/p>\n","protected":false},"featured_media":89551,"template":"","meta":[],"product_brand":[],"product_cat":[112],"product_tag":[],"class_list":{"0":"post-89684","1":"product","2":"type-product","3":"status-publish","4":"has-post-thumbnail","6":"product_cat-ligatne","8":"first","9":"outofstock","10":"shipping-taxable","11":"purchasable","12":"product-type-variable"},"_links":{"self":[{"href":"https:\/\/easyride.lv\/index.php\/wp-json\/wp\/v2\/product\/89684","targetHints":{"allow":["GET"]}}],"collection":[{"href":"https:\/\/easyride.lv\/index.php\/wp-json\/wp\/v2\/product"}],"about":[{"href":"https:\/\/easyride.lv\/index.php\/wp-json\/wp\/v2\/types\/product"}],"wp:featuredmedia":[{"embeddable":true,"href":"https:\/\/easyride.lv\/index.php\/wp-json\/wp\/v2\/media\/89551"}],"wp:attachment":[{"href":"https:\/\/easyride.lv\/index.php\/wp-json\/wp\/v2\/media?parent=89684"}],"wp:term":[{"taxonomy":"product_brand","embeddable":true,"href":"https:\/\/easyride.lv\/index.php\/wp-json\/wp\/v2\/product_brand?post=89684"},{"taxonomy":"product_cat","embeddable":true,"href":"https:\/\/easyride.lv\/index.php\/wp-json\/wp\/v2\/product_cat?post=89684"},{"taxonomy":"product_tag","embeddable":true,"href":"https:\/\/easyride.lv\/index.php\/wp-json\/wp\/v2\/product_tag?post=89684"}],"curies":[{"name":"wp","href":"https:\/\/api.w.org\/{rel}","templated":true}]}}