{"id":89888,"date":"2021-07-01T13:07:06","date_gmt":"2021-07-01T13:07:06","guid":{"rendered":"https:\/\/easyride.lv\/?post_type=product&#038;p=89888"},"modified":"2024-04-13T10:19:53","modified_gmt":"2024-04-13T10:19:53","slug":"kettler","status":"publish","type":"product","link":"https:\/\/easyride.lv\/index.php\/product\/kettler\/","title":{"rendered":"Velosip\u0113da noma 24h"},"content":{"rendered":"<p>Velosip\u0113da nomas cena nor\u0101d\u012bta par diennakti (24h). Velosip\u0113da sa\u0146em\u0161ana un nodo\u0161ana adres\u0113 &#8220;Ta\u010di&#8221;, Salacgr\u012bvas pagasts. Modelis Kettler Alurad, r\u0101mis M izm\u0113rs, 3 \u0101trumi, \u00a0rati 28&#8243;. Pieejams 1 gab.<\/p>\n<p>Lai noskaidrotu velosip\u0113da pieejam\u012bbu sazinieties ar mums.<\/p>\n<p>Iznom\u0101ts tiek tie\u0161i t\u0101ds velosip\u0113ds, k\u0101ds redzams att\u0113l\u0101. Nomas cen\u0101 ir iek\u013cauts tikai velosip\u0113ds. Par papildus maksu pieejams sekojo\u0161s apr\u012bkojums: \u0137ivere, cimdi, b\u0113rnu s\u0113dekl\u012btis. Varam pied\u0101v\u0101t ar\u012b velosip\u0113da transportu.<\/p>\n","protected":false},"excerpt":{"rendered":"<p>Velosip\u0113da nomas cena nor\u0101d\u012bta par diennakti (24h). Velosip\u0113da sa\u0146em\u0161ana un nodo\u0161ana adres\u0113 &#8220;Ta\u010di&#8221;, Salacgr\u012bvas pagasts. Modelis Kettler Alurad, r\u0101mis M izm\u0113rs, 3 \u0101trumi, \u00a0rati 28&#8243;. Pieejams 1 gab.<br \/>\nLai rezerv\u0113tu, zvani <span style=\"text-decoration: underline;\">+37122084232\u00a0<\/span><\/p>\n<p>vai s\u016bti zi\u0146u<span style=\"text-decoration: underline;\"> <a href=\"https:\/\/api.whatsapp.com\/send?phone=+37122084232\" target=\"_blank\" rel=\"noopener\">WhatsApp<\/a><\/span><\/p>\n","protected":false},"featured_media":89874,"template":"","meta":[],"product_brand":[],"product_cat":[116],"product_tag":[],"class_list":{"0":"post-89888","1":"product","2":"type-product","3":"status-publish","4":"has-post-thumbnail","6":"product_cat-velonoma","8":"first","9":"outofstock","10":"shipping-taxable","11":"purchasable","12":"product-type-simple"},"_links":{"self":[{"href":"https:\/\/easyride.lv\/index.php\/wp-json\/wp\/v2\/product\/89888","targetHints":{"allow":["GET"]}}],"collection":[{"href":"https:\/\/easyride.lv\/index.php\/wp-json\/wp\/v2\/product"}],"about":[{"href":"https:\/\/easyride.lv\/index.php\/wp-json\/wp\/v2\/types\/product"}],"wp:featuredmedia":[{"embeddable":true,"href":"https:\/\/easyride.lv\/index.php\/wp-json\/wp\/v2\/media\/89874"}],"wp:attachment":[{"href":"https:\/\/easyride.lv\/index.php\/wp-json\/wp\/v2\/media?parent=89888"}],"wp:term":[{"taxonomy":"product_brand","embeddable":true,"href":"https:\/\/easyride.lv\/index.php\/wp-json\/wp\/v2\/product_brand?post=89888"},{"taxonomy":"product_cat","embeddable":true,"href":"https:\/\/easyride.lv\/index.php\/wp-json\/wp\/v2\/product_cat?post=89888"},{"taxonomy":"product_tag","embeddable":true,"href":"https:\/\/easyride.lv\/index.php\/wp-json\/wp\/v2\/product_tag?post=89888"}],"curies":[{"name":"wp","href":"https:\/\/api.w.org\/{rel}","templated":true}]}}