{"id":90233,"date":"2024-04-13T13:48:37","date_gmt":"2024-04-13T13:48:37","guid":{"rendered":"https:\/\/easyride.lv\/?post_type=product&#038;p=90233"},"modified":"2024-07-27T11:36:49","modified_gmt":"2024-07-27T11:36:49","slug":"e-velo-valmiera-ligatne","status":"publish","type":"product","link":"https:\/\/easyride.lv\/index.php\/product\/e-velo-valmiera-ligatne\/","title":{"rendered":"E-Velo Noma Valmiera-L\u012bgatne"},"content":{"rendered":"<div class=\"wpb-content-wrapper\"><p>[vc_row row_height_percent=&#8221;0&#8243; override_padding=&#8221;yes&#8221; h_padding=&#8221;2&#8243; top_padding=&#8221;0&#8243; bottom_padding=&#8221;2&#8243; overlay_alpha=&#8221;50&#8243; gutter_size=&#8221;3&#8243; column_width_percent=&#8221;100&#8243; shift_y=&#8221;0&#8243; z_index=&#8221;0&#8243;][vc_column column_width_percent=&#8221;80&#8243; gutter_size=&#8221;3&#8243; overlay_alpha=&#8221;50&#8243; shift_x=&#8221;0&#8243; shift_y=&#8221;0&#8243; shift_y_fixed=&#8221;yes&#8221; shift_y_down=&#8221;0&#8243; z_index=&#8221;0&#8243; medium_width=&#8221;0&#8243; mobile_width=&#8221;0&#8243; width=&#8221;1\/1&#8243;][vc_column_text uncode_shortcode_id=&#8221;585881&#8243;]<\/p>\n<h2 style=\"text-align: center;\">Valmiera-L\u012bgatne brauciena apraksts.<\/h2>\n<p>Brauciena ilgums 7-8h, Distance 75km, Brauciena mar\u0161ruts Valmiera-C\u0113sis-L\u012bgatne. Gr\u016bt\u012bbas pak\u0101pe: gr\u016bts. Brauciena s\u0101kums Valmiera.<\/p>\n<p>Mar\u0161ruta karte <span style=\"text-decoration: underline;\"><a href=\"https:\/\/www.google.com\/maps\/d\/edit?mid=18ePP-nFV89zWDEubRYM8No9fiSImz8o&amp;usp=sharing\" target=\"_blank\" rel=\"noopener\">Google Maps<\/a><\/span><\/p>\n<p>Lejupiel\u0101d\u0113 GPX failu Navig\u0101cijai <a href=\"https:\/\/drive.google.com\/file\/d\/1jCg9XnrU2fbQh51PZS2U2jGzuFmkJ5QD\/view?usp=sharing\" target=\"_blank\" rel=\"noopener\"><span style=\"text-decoration: underline;\">Valmiera-L\u012bgatne.GPX<\/span><\/a><\/p>\n<p>Cen\u0101 iek\u013cauts:<br \/>\n+Elektrisk\u0101 velosip\u0113da (E-MTB) noma<br \/>\n+velo\u0137ivere<br \/>\n+apm\u0101c\u012bba brauk\u0161anai ar E-velo un tehniskais atbalsts<br \/>\n+E-Velo transports uz brauciena s\u0101kumu Valmier\u0101<\/p>\n<p>&nbsp;<\/p>\n<p>Mar\u0161rut\u0101 ir iek\u013cautas sekojo\u0161as vietas:<br \/>\n-Valmieras pils\u0113ta;<br \/>\n-Sieti\u0146iezis iezis;<br \/>\n-\u0112rg\u013cu klintis;<br \/>\n-C\u0113su\u00a0pils\u0113ta;<br \/>\n-Rak\u0161i zoo;<br \/>\n-L\u012bgatnes pils\u0113ta;<\/p>\n<p>Braucienu s\u0101ksim no Valmieras dzelzce\u013ca stacijas. Valmieras centr\u0101 ir pieejamas brokastis un r\u012bta kafija. Ce\u013c\u0101 uz C\u0113s\u012bm piest\u0101sim Sieti\u0146iezi. Brauciens l\u012bdz C\u0113s\u012bm b\u016bs pa skaistiem me\u017ea ce\u013ciem gar Gauju. Pusdienu pauzes C\u0113s\u012bs un, ja nepiecie\u0161ams, E-velo papilus uzl\u0101de. Pa ce\u013cam uz L\u012bgatni piest\u0101sim Rak\u0161os apskat\u012bt k\u0101du strausu vai zebru un pa me\u017ea ce\u013cu brauksim uz L\u012bgatni. Braucienu nosl\u0113gsim pie Zeit L\u012bgatn\u0113.<\/p>\n<p>Braucien\u0101 j\u0101\u0146em l\u012bdzi:<br \/>\n-neliela mugursoma person\u012bgaj\u0101m mant\u0101m;<br \/>\n-dzeramais \u016bdens, k\u0101ds na\u0161\u0137is sp\u0113kam;<br \/>\n-v\u0113ja\/lietus jaka neparedz\u0113tiem laika apst\u0101k\u013ciem;<br \/>\n-sezonai atbilsto\u0161s ap\u0123\u0113rbs;<br \/>\n-\u013coti ieteicamas velobikses ar polsteri, \u0113rtai brauk\u0161anai;<br \/>\n-velocimdi dro\u0161\u012bbai un \u0113rt\u012bbai;<\/p>\n<p>Vair\u0101k info k\u0101 sagatavoties e-velo braucienam lasi <a href=\"https:\/\/easyride.lv\/index.php\/2021\/04\/09\/ka-sagatavoties-e-velo-braucienam\/\" target=\"_blank\" rel=\"noopener\">\u0161eit\u00a0<\/a>[\/vc_column_text][\/vc_column][\/vc_row][vc_row unlock_row_content=&#8221;yes&#8221; row_height_percent=&#8221;0&#8243; override_padding=&#8221;yes&#8221; h_padding=&#8221;0&#8243; top_padding=&#8221;0&#8243; bottom_padding=&#8221;0&#8243; overlay_alpha=&#8221;50&#8243; gutter_size=&#8221;3&#8243; column_width_percent=&#8221;100&#8243; shift_y=&#8221;0&#8243; z_index=&#8221;0&#8243;][vc_column column_width_percent=&#8221;100&#8243; gutter_size=&#8221;3&#8243; style=&#8221;dark&#8221; overlay_alpha=&#8221;50&#8243; shift_x=&#8221;0&#8243; shift_y=&#8221;0&#8243; z_index=&#8221;0&#8243; medium_width=&#8221;0&#8243; mobile_width=&#8221;0&#8243; width=&#8221;1\/1&#8243;][vc_gallery el_id=&#8221;gallery-9751014&#8243; type=&#8221;justified&#8221; medias=&#8221;90232,90222,90223,90224,90226,90225,90227,90174,89585,89571,89591,89588,90228,90175,90173,90230,90229,89565&#8243; justify_row_height=&#8221;250&#8243; justify_last_row=&#8221;hide&#8221; gutter_size=&#8221;1&#8243; single_overlay_color=&#8221;color-wayh&#8221; single_overlay_opacity=&#8221;50&#8243; single_h_align=&#8221;center&#8221; single_padding=&#8221;2&#8243; single_icon=&#8221;fa fa-plus2&#8243; single_border=&#8221;yes&#8221; single_css_animation=&#8221;alpha-anim&#8221; single_animation_speed=&#8221;600&#8243; single_animation_delay=&#8221;100&#8243; lbox_caption=&#8221;yes&#8221; lbox_social=&#8221;yes&#8221; lbox_deep=&#8221;yes&#8221; lbox_no_arrows=&#8221;yes&#8221; lbox_no_tmb=&#8221;yes&#8221; uncode_shortcode_id=&#8221;723391&#8243;][\/vc_column][\/vc_row]<\/p>\n<\/div>","protected":false},"excerpt":{"rendered":"<p>Brauciena ilgums 8h, Distance 75km, Brauciena mar\u0161ruts Valmiera-C\u0113sis-L\u012bgatne.<\/p>\n<p>Lai rezerv\u0113tu laiku, zvani <span style=\"text-decoration: underline;\">+37122084232<\/span><\/p>\n<p>vai s\u016bti zi\u0146u<span style=\"text-decoration: underline;\"> <a href=\"https:\/\/api.whatsapp.com\/send?phone=+37122084232\" target=\"_blank\" rel=\"noopener\">WhatsApp<\/a><\/span><\/p>\n","protected":false},"featured_media":90221,"template":"","meta":[],"product_brand":[],"product_cat":[112],"product_tag":[],"class_list":{"0":"post-90233","1":"product","2":"type-product","3":"status-publish","4":"has-post-thumbnail","6":"product_cat-ligatne","8":"first","9":"outofstock","10":"shipping-taxable","11":"purchasable","12":"product-type-variable"},"_links":{"self":[{"href":"https:\/\/easyride.lv\/index.php\/wp-json\/wp\/v2\/product\/90233","targetHints":{"allow":["GET"]}}],"collection":[{"href":"https:\/\/easyride.lv\/index.php\/wp-json\/wp\/v2\/product"}],"about":[{"href":"https:\/\/easyride.lv\/index.php\/wp-json\/wp\/v2\/types\/product"}],"wp:featuredmedia":[{"embeddable":true,"href":"https:\/\/easyride.lv\/index.php\/wp-json\/wp\/v2\/media\/90221"}],"wp:attachment":[{"href":"https:\/\/easyride.lv\/index.php\/wp-json\/wp\/v2\/media?parent=90233"}],"wp:term":[{"taxonomy":"product_brand","embeddable":true,"href":"https:\/\/easyride.lv\/index.php\/wp-json\/wp\/v2\/product_brand?post=90233"},{"taxonomy":"product_cat","embeddable":true,"href":"https:\/\/easyride.lv\/index.php\/wp-json\/wp\/v2\/product_cat?post=90233"},{"taxonomy":"product_tag","embeddable":true,"href":"https:\/\/easyride.lv\/index.php\/wp-json\/wp\/v2\/product_tag?post=90233"}],"curies":[{"name":"wp","href":"https:\/\/api.w.org\/{rel}","templated":true}]}}